{"id":1595,"date":"2024-03-25T08:59:36","date_gmt":"2024-03-25T08:59:36","guid":{"rendered":"https:\/\/cupup.mamp:8890\/ueber-cup-up\/"},"modified":"2024-08-06T15:53:44","modified_gmt":"2024-08-06T15:53:44","slug":"ueber-cup-up","status":"publish","type":"page","link":"https:\/\/nord.cupup.hr\/de\/ueber-cup-up\/","title":{"rendered":"\u00dcber CUP UP"},"content":{"rendered":"\n<div id=\"featureblock-block_fcb26c9ca46e0323a4bf208f3ebb72a5\" class=\"featureblock wrapper bg-transparent my-2  pb-0 \" >\n\n\t<div class=\"featureblock \">\n          \n<div class=\"container\"  id=\"featuretop-block_32335a4b44552185b574b01d06468c9a\" class=\"featuretop\">   \n\n    <div class=\"row\">\n\n        <div class=\"col-12 col-md-6 col-lg-7 pb-4\">\n\n             <div class=\"acf-innerblocks-container\">\n\n<h2 class=\"wp-block-heading\">\u00dcber CUP UP<\/h2>\n\n\n\n<h3 class=\"wp-block-heading\">CUP UP d.o.o. wurde 2014 von Valentin Adle\u0161i\u010d gegr\u00fcndet.Das Unternehmen stellt hochwertige Hygienepapierprodukte f\u00fcr den professionellen und Gro\u00dfhandelsmarkt her. <\/h3>\n\n\n\n<h6 class=\"wp-block-heading\">Unter der F\u00fchrung von Valentin Adle\u0161i\u010d entwickelte sich das Unternehmen schnell zu einem der f\u00fchrenden Hersteller von Hygienepapierprodukten in Kroatien. Heute exportieren wir nach Mitteleuropa, S\u00fcdosteuropa und Westeuropa und besch\u00e4ftigen stolze 82 Mitarbeiter.<\/h6>\n\n\n\n<p>Das Engagement, die F\u00e4higkeiten und das Fachwissen unseres Teams stellen sicher, dass unsere Kunden w\u00e4hrend des gesamten Produktionsprozesses und der Lieferung ihrer Papierproduktanforderungen unterst\u00fctzt werden. <\/p>\n\n<\/div><!-- \/.col display wordpress blocks -->\n\n                    <\/div>\n\n        <div class=\"col-7 col-md-6 col-lg-4 offset-lg-1 d-flex\">\n\n            <img loading=\"lazy\" decoding=\"async\" width=\"714\" height=\"1000\" src=\"https:\/\/nord.cupup.hr\/wp-content\/uploads\/2024\/05\/valentin-adlesic-2.jpg\" class=\"round-top mt-auto mb-0 img-fluid\" alt=\"\" srcset=\"https:\/\/nord.cupup.hr\/wp-content\/uploads\/2024\/05\/valentin-adlesic-2.jpg 714w, https:\/\/nord.cupup.hr\/wp-content\/uploads\/2024\/05\/valentin-adlesic-2-214x300.jpg 214w\" sizes=\"auto, (max-width: 714px) 100vw, 714px\" \/>\n        <\/div>    \n\n    <\/div><!-- .row -->\n\n<\/div>\n\n  \n<div id=\"featuregrad-block_5a8feee30aafbdf923a3da2c7259027e\" class=\"featuregrad bg-grad pt-3\">\n    \n    <div class=\"featuregrad-inner container\">\n<div class=\"wp-bootstrap-blocks-row row justify-content-center\">\n\t\n\n<div class=\"col-12\">\n\t\t\t<div class=\"p-3\">\n\t\t\t\n\n<h5 class=\"wp-block-heading has-text-align-center\">Wir widmen uns der Lieferung von Papierprodukten nach Ihren Bed\u00fcrfnissen<\/h5>\n\n\t\t<\/div>\n\t<\/div>\n\n<\/div>\n\n<\/div><!-- \/.col display wordpress blocks -->\n    \n    \n<\/div><!-- #page-wrapper -->\n\n\n\n\n\n\n\n  <div id=\"featurebottom-block_97e1b536bdcd072dccb4527e181ba527\" class=\"featurebottom container pb-5\">\n      \n      <div class=\"row pb-3\">\n            \n            <div class=\"col-12 col-md-7\">\n                \n                \n                <img loading=\"lazy\" decoding=\"async\" width=\"2000\" height=\"1428\" src=\"https:\/\/nord.cupup.hr\/wp-content\/uploads\/2024\/05\/5242-UN-v-fold-handtowels-carton-2.jpg\" class=\"round-bottom img-fluid\" alt=\"\" srcset=\"https:\/\/nord.cupup.hr\/wp-content\/uploads\/2024\/05\/5242-UN-v-fold-handtowels-carton-2.jpg 2000w, https:\/\/nord.cupup.hr\/wp-content\/uploads\/2024\/05\/5242-UN-v-fold-handtowels-carton-2-300x214.jpg 300w, https:\/\/nord.cupup.hr\/wp-content\/uploads\/2024\/05\/5242-UN-v-fold-handtowels-carton-2-1024x732.jpg 1024w, https:\/\/nord.cupup.hr\/wp-content\/uploads\/2024\/05\/5242-UN-v-fold-handtowels-carton-2-768x549.jpg 768w, https:\/\/nord.cupup.hr\/wp-content\/uploads\/2024\/05\/5242-UN-v-fold-handtowels-carton-2-1536x1097.jpg 1536w, https:\/\/nord.cupup.hr\/wp-content\/uploads\/2024\/05\/5242-UN-v-fold-handtowels-carton-2-1250x893.jpg 1250w\" sizes=\"auto, (max-width: 2000px) 100vw, 2000px\" \/>\n                                \n            <\/div>\n            \n            <div class=\"col-12 col-md-5 d-none d-md-block\">\n                \n                <img loading=\"lazy\" decoding=\"async\" width=\"2000\" height=\"1429\" src=\"https:\/\/nord.cupup.hr\/wp-content\/uploads\/2024\/03\/handtowel-img-2.jpg\" class=\"round-bottom img-fluid\" alt=\"\" srcset=\"https:\/\/nord.cupup.hr\/wp-content\/uploads\/2024\/03\/handtowel-img-2.jpg 2000w, https:\/\/nord.cupup.hr\/wp-content\/uploads\/2024\/03\/handtowel-img-2-300x214.jpg 300w, https:\/\/nord.cupup.hr\/wp-content\/uploads\/2024\/03\/handtowel-img-2-1024x732.jpg 1024w, https:\/\/nord.cupup.hr\/wp-content\/uploads\/2024\/03\/handtowel-img-2-768x549.jpg 768w, https:\/\/nord.cupup.hr\/wp-content\/uploads\/2024\/03\/handtowel-img-2-1536x1097.jpg 1536w, https:\/\/nord.cupup.hr\/wp-content\/uploads\/2024\/03\/handtowel-img-2-1250x893.jpg 1250w\" sizes=\"auto, (max-width: 2000px) 100vw, 2000px\" \/>                \n                            \n            <\/div>\n          \n            <div class=\"col-12 d-block d-md-none\">\n                \n                            \n            <\/div>\n            \n\t\t<\/div><!-- .row -->\n      \n      <div class=\"row\">\n          \n          <div class=\"col\"><\/div><!-- \/.col display wordpress blocks -->\n    \n                \n      <\/div><!-- .row -->   \n      \n<\/div>\n\n\n\n\n<\/div><!-- \/.col display wordpress blocks -->\n                \n                    \n    \n        \n\n<\/div><!-- #page-wrapper -->\n\n\n\n\n<div class=\"wp-bootstrap-blocks-container container mb-2\">\n\t\n<div class=\"wp-bootstrap-blocks-row row\">\n\t\n\n<div class=\"col-12\">\n\t\t\t\n\n<h3 class=\"wp-block-heading\">Nachhaltigkeit <mark style=\"background-color:rgba(0, 0, 0, 0)\" class=\"has-inline-color has-green-color\">|<\/mark> Investieren in eine gr\u00fcnere Zukunft in einer sich ver\u00e4ndernden Welt<\/h3>\n\n\t<\/div>\n\n<\/div>\n\n\n<div class=\"wp-bootstrap-blocks-row row\">\n\t\n\n<div class=\"col-12 col-md-8\">\n\t\t\t\n\n<h6 class=\"wp-block-heading\">Wir legen gro\u00dfen Wert auf technologische Verbesserungen, Papierproduktentwicklung und Nachhaltigkeit. <\/h6>\n\n\n\n<p>Unser Ziel ist es, ein modernes, energieeffizientes und produktives Unternehmen zu f\u00fchren, das zur Erhaltung und Steigerung der Wettbewerbsf\u00e4higkeit beitr\u00e4gt. Die Investition umfasst eine neue Halle mit zwei hochmodernen automatisierten Produktionslinien im Gesamtwert von 10 Millionen Euro, was unsere Kapazit\u00e4t deutlich erh\u00f6ht, um die Anforderungen unserer Kunden zu erf\u00fcllen und sich an die Marktbed\u00fcrfnisse anzupassen. <\/p>\n\n\n\n<p>Unsere Investition tr\u00e4gt auch dazu bei, eines unserer langfristigen Ziele zu erreichen, n\u00e4mlich so energieeffizient und umweltfreundlich wie m\u00f6glich zu sein und uns zu einem nachhaltigeren Unternehmen zu entwickeln. Derzeit nutzen wir in der gesamten Anlage 50 % erneuerbare Energie vor Ort. <\/p>\n\n\t<\/div>\n\n\n\n<div class=\"col-12 col-md-4\">\n\t\t\t\t<\/div>\n\n<\/div>\n\n\n\n<div style=\"height:30px\" aria-hidden=\"true\" class=\"wp-block-spacer\"><\/div>\n\n\n<div class=\"wp-bootstrap-blocks-row row\">\n\t\n\n<div class=\"col-12 col-md-8\">\n\t\t\t\n\n<h6 class=\"wp-block-heading\">Zu unserem nachhaltigen Ethos geh\u00f6rt auch die Einf\u00fchrung eines zirkul\u00e4ren Ansatzes bei Produktion und Verbrauch. <\/h6>\n\n\n\n<p>Wir schicken unsere Abfallstoffe an eine Papierfabrik, wo sie dort zu Rohstoffen verarbeitet werden, die wir zur\u00fcckkaufen, um weitere Papierprodukte herzustellen. Dieser Prozess reduziert Abfall und schont nat\u00fcrliche Ressourcen.<\/p>\n\n\t<\/div>\n\n\n\n<div class=\"col-12 col-md-4\">\n\t\t\t\t<\/div>\n\n<\/div>\n\n<\/div>\n\n<div id=\"linkswrapper-block_375c539e77894abffa30328879ec0afc\" class=\"linkswrapper wrapper my-4\" >\n    \n    <div class=\"container\">\n    \n    <div class=\"linkswrapper row row-cols-1 row-cols-md-3 g-3 \">\n\n\n<div class=\"linkcard col\">\n    \n    <div class=\"card h-100 border-0  py-4 px-2\">\n\n<div class=\"wp-block-group card-body\"><div class=\"wp-block-group__inner-container is-layout-flow wp-block-group-is-layout-flow\">\n<h5 class=\"wp-block-heading card-title\">Nachhaltigkeit<\/h5>\n\n\n\n<p>Erfahren Sie, wie wir investieren, um unsere Produkte umweltfreundlich zu machen<\/p>\n<\/div><\/div>\n\n\n\n<div class=\"wp-block-button card-footer text-center bg-transparent border-0 is-style-outline is-style-outline--1\"><a class=\"wp-block-button__link wp-element-button\" href=\"https:\/\/nord.cupup.hr\/de\/nachhaltigkeit\/\">finden Sie mehr heraus<\/a><\/div>\n\n<\/div><!-- \/.col display wordpress blocks -->\n                \n     \n\n<\/div>\n\n\n\n\n<div class=\"linkcard col\">\n    \n    <div class=\"card h-100 border-0  py-4 px-2\">\n\n<div class=\"wp-block-group card-body\"><div class=\"wp-block-group__inner-container is-layout-flow wp-block-group-is-layout-flow\">\n<h5 class=\"wp-block-heading card-title\">Zertifizierung<\/h5>\n\n\n\n<p>Unser Engagement f\u00fcr h\u00f6chste Standards<\/p>\n<\/div><\/div>\n\n\n\n<div class=\"wp-block-button card-footer text-center bg-transparent border-0 is-style-outline is-style-outline--2\"><a class=\"wp-block-button__link wp-element-button\" href=\"https:\/\/nord.cupup.hr\/de\/zertifizierungen\/\">finden Sie mehr heraus<\/a><\/div>\n\n<\/div><!-- \/.col display wordpress blocks -->\n                \n     \n\n<\/div>\n\n\n\n\n<div class=\"linkcard col\">\n    \n    <div class=\"card h-100 border-0  py-4 px-2\">\n\n<div class=\"wp-block-group card-body\"><div class=\"wp-block-group__inner-container is-layout-flow wp-block-group-is-layout-flow\">\n<h5 class=\"wp-block-heading card-title\">Nehmen Sie Kontakt auf<\/h5>\n\n\n\n<p>F\u00fcr Verkaufsanfragen kontaktieren Sie uns<\/p>\n<\/div><\/div>\n\n\n\n<div class=\"wp-block-button card-footer text-center bg-transparent border-0\"><a class=\"wp-block-button__link wp-element-button\" href=\"https:\/\/nord.cupup.hr\/de\/kontakt\/\">Kontaktieren Sie uns<\/a><\/div>\n\n<\/div><!-- \/.col display wordpress blocks -->\n                \n     \n\n<\/div>\n\n<\/div><!-- \/.col display wordpress blocks -->\n                \n                   \n<\/div><!-- #linkswrapper block -->\n\n\n\n<\/div>\n","protected":false},"excerpt":{"rendered":"<p>CUP UP Hersteller hochwertiger Papierprodukte <\/p>\n","protected":false},"author":1,"featured_media":1343,"parent":0,"menu_order":0,"comment_status":"closed","ping_status":"closed","template":"","meta":{"_acf_changed":false,"footnotes":""},"class_list":["post-1595","page","type-page","status-publish","has-post-thumbnail","hentry"],"acf":[],"_links":{"self":[{"href":"https:\/\/nord.cupup.hr\/de\/wp-json\/wp\/v2\/pages\/1595","targetHints":{"allow":["GET"]}}],"collection":[{"href":"https:\/\/nord.cupup.hr\/de\/wp-json\/wp\/v2\/pages"}],"about":[{"href":"https:\/\/nord.cupup.hr\/de\/wp-json\/wp\/v2\/types\/page"}],"author":[{"embeddable":true,"href":"https:\/\/nord.cupup.hr\/de\/wp-json\/wp\/v2\/users\/1"}],"replies":[{"embeddable":true,"href":"https:\/\/nord.cupup.hr\/de\/wp-json\/wp\/v2\/comments?post=1595"}],"version-history":[{"count":1,"href":"https:\/\/nord.cupup.hr\/de\/wp-json\/wp\/v2\/pages\/1595\/revisions"}],"predecessor-version":[{"id":1596,"href":"https:\/\/nord.cupup.hr\/de\/wp-json\/wp\/v2\/pages\/1595\/revisions\/1596"}],"wp:featuredmedia":[{"embeddable":true,"href":"https:\/\/nord.cupup.hr\/de\/wp-json\/wp\/v2\/media\/1343"}],"wp:attachment":[{"href":"https:\/\/nord.cupup.hr\/de\/wp-json\/wp\/v2\/media?parent=1595"}],"curies":[{"name":"wp","href":"https:\/\/api.w.org\/{rel}","templated":true}]}}