{"id":1597,"date":"2024-03-25T09:09:19","date_gmt":"2024-03-25T09:09:19","guid":{"rendered":"https:\/\/cupup.mamp:8890\/zertifizierungen\/"},"modified":"2025-02-19T10:20:22","modified_gmt":"2025-02-19T10:20:22","slug":"zertifizierungen","status":"publish","type":"page","link":"https:\/\/nord.cupup.hr\/de\/zertifizierungen\/","title":{"rendered":"Zertifizierungen"},"content":{"rendered":"<div class=\"wp-bootstrap-blocks-row row gy-4\">\n\t\n\n<div class=\"col-5 col-md-3\">\n\t\t\t<div class=\"p-2\">\n\t\t\t\n\n<figure class=\"wp-block-image size-full\"><a href=\"https:\/\/nord.cupup.hr\/wp-content\/uploads\/2025\/02\/ISO_9001_engl.2024.pdf\"><img loading=\"lazy\" decoding=\"async\" width=\"707\" height=\"1000\" src=\"https:\/\/nord.cupup.hr\/wp-content\/uploads\/2024\/03\/cup-up-iso-9001-2021-en.jpg\" alt=\"\" class=\"wp-image-947\" srcset=\"https:\/\/nord.cupup.hr\/wp-content\/uploads\/2024\/03\/cup-up-iso-9001-2021-en.jpg 707w, https:\/\/nord.cupup.hr\/wp-content\/uploads\/2024\/03\/cup-up-iso-9001-2021-en-212x300.jpg 212w\" sizes=\"auto, (max-width: 707px) 100vw, 707px\" \/><\/a><\/figure>\n\n\t\t<\/div>\n\t<\/div>\n\n\n\n<div class=\"col-7 col-md-6\">\n\t\t\t<div class=\"p-2\">\n\t\t\t\n\n<h4 class=\"wp-block-heading\">ISO 9001:2015<\/h4>\n\n\n\n<p>ISO 9001 ist der internationale Standard, der Anforderungen an ein Qualit\u00e4tsmanagementsystem (QMS) festlegt. Unter ISO 9001:215 hat CUP UP die F\u00e4higkeit nachgewiesen, durchg\u00e4ngig Produkte und Dienstleistungen bereitzustellen, die die Kundenzufriedenheit und die gesetzlichen Anforderungen erf\u00fcllen.<\/p>\n\n\t\t<\/div>\n\t<\/div>\n\n<\/div>\n\n\n<div class=\"wp-bootstrap-blocks-row row gy-4\">\n\t\n\n<div class=\"col-5 col-md-3\">\n\t\t\t<div class=\"p-2\">\n\t\t\t\n\n<figure class=\"wp-block-image size-full\"><a href=\"https:\/\/nord.cupup.hr\/wp-content\/uploads\/2024\/03\/cup-up-iso-14001-2023-en.pdf\"><img loading=\"lazy\" decoding=\"async\" width=\"708\" height=\"1000\" src=\"https:\/\/nord.cupup.hr\/wp-content\/uploads\/2024\/03\/cup-up-iso-14001-2023-en.jpg\" alt=\"\" class=\"wp-image-946\" srcset=\"https:\/\/nord.cupup.hr\/wp-content\/uploads\/2024\/03\/cup-up-iso-14001-2023-en.jpg 708w, https:\/\/nord.cupup.hr\/wp-content\/uploads\/2024\/03\/cup-up-iso-14001-2023-en-212x300.jpg 212w\" sizes=\"auto, (max-width: 708px) 100vw, 708px\" \/><\/a><\/figure>\n\n\t\t<\/div>\n\t<\/div>\n\n\n\n<div class=\"col-7 col-md-6\">\n\t\t\t<div class=\"p-2\">\n\t\t\t\n\n<h4 class=\"wp-block-heading\">ISO 14001<\/h4>\n\n\n\n<p>CUCUP UP hat an unserem Produktions- und Vertriebsstandort ein Umweltmanagementsystem eingef\u00fchrt. Wir sind bestrebt, unsere Umweltleistung kontinuierlich zu verbessern und eine nachhaltige Zukunft f\u00fcr alle Aspekte unseres Gesch\u00e4fts zu schaffen.<\/p>\n\n\t\t<\/div>\n\t<\/div>\n\n<\/div>\n\n\n<div class=\"wp-bootstrap-blocks-row row gy-4\">\n\t\n\n<div class=\"col-5 col-md-3\">\n\t\t\t<div class=\"p-2\">\n\t\t\t\n\n<figure class=\"wp-block-image size-full\"><a href=\"https:\/\/nord.cupup.hr\/wp-content\/uploads\/2025\/02\/EU_Ecolabel_eng.pdf\"><img loading=\"lazy\" decoding=\"async\" width=\"707\" height=\"1000\" src=\"https:\/\/nord.cupup.hr\/wp-content\/uploads\/2024\/03\/cup-up-eu-ecolabel-certificate-en.jpg\" alt=\"\" class=\"wp-image-928\" srcset=\"https:\/\/nord.cupup.hr\/wp-content\/uploads\/2024\/03\/cup-up-eu-ecolabel-certificate-en.jpg 707w, https:\/\/nord.cupup.hr\/wp-content\/uploads\/2024\/03\/cup-up-eu-ecolabel-certificate-en-212x300.jpg 212w\" sizes=\"auto, (max-width: 707px) 100vw, 707px\" \/><\/a><\/figure>\n\n\t\t<\/div>\n\t<\/div>\n\n\n\n<div class=\"col-7 col-md-6\">\n\t\t\t<div class=\"p-2\">\n\t\t\t\n\n<h4 class=\"wp-block-heading\">EU Ecolabel<\/h4>\n\n\n\n<p>wird an Produkte vergeben, die w\u00e4hrend ihres gesamten Lebenszyklus vom Rohstoff \u00fcber die Produktion und Verteilung bis hin zur Entsorgung hohe Umweltstandards erf\u00fcllen.<\/p>\n\n\t\t<\/div>\n\t<\/div>\n\n<\/div>\n\n\n<div class=\"wp-bootstrap-blocks-row row gy-4\">\n\t\n\n<div class=\"col-5 col-md-3\">\n\t\t\t<div class=\"p-2\">\n\t\t\t\n\n<figure class=\"wp-block-image size-full\"><a href=\"https:\/\/nord.cupup.hr\/wp-content\/uploads\/2024\/03\/cup-up-fsa-certificate-en.pdf\"><img loading=\"lazy\" decoding=\"async\" width=\"707\" height=\"1000\" src=\"https:\/\/nord.cupup.hr\/wp-content\/uploads\/2024\/08\/cup-up-fsa-zertifikat-de.jpg\" alt=\"\" class=\"wp-image-1399\" srcset=\"https:\/\/nord.cupup.hr\/wp-content\/uploads\/2024\/08\/cup-up-fsa-zertifikat-de.jpg 707w, https:\/\/nord.cupup.hr\/wp-content\/uploads\/2024\/08\/cup-up-fsa-zertifikat-de-212x300.jpg 212w\" sizes=\"auto, (max-width: 707px) 100vw, 707px\" \/><\/a><\/figure>\n\n\t\t<\/div>\n\t<\/div>\n\n\n\n<div class=\"col-7 col-md-6\">\n\t\t\t<div class=\"p-2\">\n\t\t\t\n\n<h4 class=\"wp-block-heading\">FSC<sup>\u00ae<\/sup><\/h4>\n\n\n\n<p>ProductProdukte, die das Symbol des Forest Stewardship Council\u00ae tragen, werden unabh\u00e4ngig zertifiziert, um sicherzustellen, dass sie aus Holz aus FSC\u00ae-zertifizierten W\u00e4ldern hergestellt sind oder dieses enthalten.<\/p>\n\n\n\n<p>(FSC \u2013 C178670)<\/p>\n\n\t\t<\/div>\n\t<\/div>\n\n<\/div>\n\n\n\n<div id=\"linkswrapper-block_12c0a74a59d9ee17519bf74292732f20\" class=\"linkswrapper wrapper my-4\" >\n    \n    <div class=\"container\">\n    \n    <div class=\"linkswrapper row row-cols-1 row-cols-md-3 g-3 \">\n\n\n<div class=\"linkcard col\">\n    \n    <div class=\"card h-100 border-0  py-4 px-2\">\n\n<div class=\"wp-block-group card-body\"><div class=\"wp-block-group__inner-container is-layout-flow wp-block-group-is-layout-flow\">\n<figure class=\"wp-block-image size-large\"><img loading=\"lazy\" decoding=\"async\" width=\"1024\" height=\"301\" src=\"https:\/\/nord.cupup.hr\/wp-content\/uploads\/2024\/03\/hr-financira-europska-unija-1024x301.jpg\" alt=\"\" class=\"wp-image-649\" srcset=\"https:\/\/nord.cupup.hr\/wp-content\/uploads\/2024\/03\/hr-financira-europska-unija-1024x301.jpg 1024w, https:\/\/nord.cupup.hr\/wp-content\/uploads\/2024\/03\/hr-financira-europska-unija-300x88.jpg 300w, https:\/\/nord.cupup.hr\/wp-content\/uploads\/2024\/03\/hr-financira-europska-unija-768x226.jpg 768w, https:\/\/nord.cupup.hr\/wp-content\/uploads\/2024\/03\/hr-financira-europska-unija-1536x452.jpg 1536w, https:\/\/nord.cupup.hr\/wp-content\/uploads\/2024\/03\/hr-financira-europska-unija-2048x603.jpg 2048w\" sizes=\"auto, (max-width: 1024px) 100vw, 1024px\" \/><\/figure><\/div><\/div>\n\n\n\n<div class=\"wp-block-button card-footer text-center bg-transparent border-0 is-style-outline is-style-outline--1\"><a class=\"wp-block-button__link wp-element-button\" href=\"https:\/\/nord.cupup.hr\/de\/nextgeneration-eu-2\/\">finden Sie mehr heraus<\/a><\/div>\n\n<\/div><!-- \/.col display wordpress blocks -->\n                \n     \n\n<\/div>\n\n\n\n\n<div class=\"linkcard col\">\n    \n    <div class=\"card h-100 border-0  py-4 px-2\">\n\n<div class=\"wp-block-group card-body\"><div class=\"wp-block-group__inner-container is-layout-flow wp-block-group-is-layout-flow\">\n<h5 class=\"wp-block-heading card-title\">Nachhaltigkeit<\/h5>\n\n\n\n<p>Erfahren Sie, wie wir investieren, um unsere Produkte umweltfreundlich zu machen<\/p>\n<\/div><\/div>\n\n\n\n<div class=\"wp-block-button card-footer text-center bg-transparent border-0 is-style-outline is-style-outline--2\"><a class=\"wp-block-button__link wp-element-button\" href=\"https:\/\/nord.cupup.hr\/de\/nachhaltigkeit\/\">finden Sie mehr heraus<\/a><\/div>\n\n<\/div><!-- \/.col display wordpress blocks -->\n                \n     \n\n<\/div>\n\n\n\n\n<div class=\"linkcard col\">\n    \n    <div class=\"card h-100 border-0  py-4 px-2\">\n\n<div class=\"wp-block-group card-body\"><div class=\"wp-block-group__inner-container is-layout-flow wp-block-group-is-layout-flow\">\n<h5 class=\"wp-block-heading card-title\">Nehmen Sie Kontakt auf<\/h5>\n\n\n\n<p>F\u00fcr Verkaufsanfragen kontaktieren Sie uns<\/p>\n<\/div><\/div>\n\n\n\n<div class=\"wp-block-button card-footer text-center bg-transparent border-0\"><a class=\"wp-block-button__link wp-element-button\" href=\"https:\/\/nord.cupup.hr\/de\/kontakt\/\">Kontaktieren Sie uns<\/a><\/div>\n\n<\/div><!-- \/.col display wordpress blocks -->\n                \n     \n\n<\/div>\n\n<\/div><!-- \/.col display wordpress blocks -->\n                \n                   \n<\/div><!-- #linkswrapper block -->\n\n\n\n<\/div>\n","protected":false},"excerpt":{"rendered":"","protected":false},"author":1,"featured_media":0,"parent":0,"menu_order":0,"comment_status":"closed","ping_status":"closed","template":"","meta":{"_acf_changed":false,"footnotes":""},"class_list":["post-1597","page","type-page","status-publish","hentry"],"acf":[],"_links":{"self":[{"href":"https:\/\/nord.cupup.hr\/de\/wp-json\/wp\/v2\/pages\/1597","targetHints":{"allow":["GET"]}}],"collection":[{"href":"https:\/\/nord.cupup.hr\/de\/wp-json\/wp\/v2\/pages"}],"about":[{"href":"https:\/\/nord.cupup.hr\/de\/wp-json\/wp\/v2\/types\/page"}],"author":[{"embeddable":true,"href":"https:\/\/nord.cupup.hr\/de\/wp-json\/wp\/v2\/users\/1"}],"replies":[{"embeddable":true,"href":"https:\/\/nord.cupup.hr\/de\/wp-json\/wp\/v2\/comments?post=1597"}],"version-history":[{"count":2,"href":"https:\/\/nord.cupup.hr\/de\/wp-json\/wp\/v2\/pages\/1597\/revisions"}],"predecessor-version":[{"id":1713,"href":"https:\/\/nord.cupup.hr\/de\/wp-json\/wp\/v2\/pages\/1597\/revisions\/1713"}],"wp:attachment":[{"href":"https:\/\/nord.cupup.hr\/de\/wp-json\/wp\/v2\/media?parent=1597"}],"curies":[{"name":"wp","href":"https:\/\/api.w.org\/{rel}","templated":true}]}}