{"id":1625,"date":"2024-02-05T12:42:12","date_gmt":"2024-02-05T12:42:12","guid":{"rendered":"https:\/\/cupup.mamp:8890\/datenschutzrichtlinie\/"},"modified":"2024-08-08T10:57:12","modified_gmt":"2024-08-08T10:57:12","slug":"datenschutzrichtlinie","status":"publish","type":"page","link":"https:\/\/nord.cupup.hr\/de\/datenschutzrichtlinie\/","title":{"rendered":"Datenschutzrichtlinie"},"content":{"rendered":"\n<h4 class=\"wp-block-heading\">Wer wir sind<\/h4>\n\n<p>Unsere Website-Adresse lautet: <a href=\"https:\/\/nord.cupup.hr\/de\/\">https:\/\/nord.cupup.hr<\/a><\/p>\n\n<p>Diese Datenschutzrichtlinie gilt f\u00fcr die Verwaltung personenbezogener Daten durch CUP UP, die wir erfassen, wenn Sie unsere Seite verwenden, Online-Anfragen ausf\u00fcllen oder uns f\u00fcr Produkt- und Serviceinformationen kontaktieren.<\/p>\n\n<h4 class=\"wp-block-heading\">Was wir sammeln<\/h4>\n\n<p>Wir k\u00f6nnen die folgenden Informationen anfordern und speichern:<\/p>\n\n<ul class=\"wp-block-list\">\n<li>Identit\u00e4tsdaten: einschlie\u00dflich Ihres Vor- und Nachnamens, Titels, Geschlechts und Ihrer Berufsbezeichnung<\/li>\n\n\n\n<li>Kontaktdaten: einschlie\u00dflich Ihres Firmennamens, Ihrer Gesch\u00e4ftsadresse, Rechnungsadresse, Lieferadresse, Telefonnummern, Faxnummern, E-Mail-Adresse<\/li>\n\n\n\n<li>Marketingdaten: einschlie\u00dflich der bevorzugten Methode zum Empfang von Mitteilungen wie Produktaktualisierungen, Neuigkeiten, Produkten und Dienstleistungen<\/li>\n\n\n\n<li>Cookies<\/li>\n\n\n\n<li>IP Adresse<\/li>\n\n\n\n<li>Website-Nutzungsdaten<\/li>\n<\/ul>\n\n<p>Wir k\u00f6nnen diese personenbezogenen Daten erfassen, wenn Sie unsere Website nutzen. Wir erhalten und erfassen au\u00dferdem automatisch Informationen in unseren Serverprotokollen und nutzen Dienste wie Google Analytics.<\/p>\n\n<h4 class=\"wp-block-heading\">Wie wir Daten verwenden<\/h4>\n\n<p>Wir speichern die oben genannten Informationen in unserer Marketing-\/E-Mail-Marketing-Datenbank in unserem Hauptsitz. Wir verwenden Ihre Informationen mit Ihrer Zustimmung und aus den folgenden Gr\u00fcnden:<\/p>\n\n<ul class=\"wp-block-list\">\n<li>Senden von Neuigkeiten an Abonnenten<\/li>\n\n\n\n<li>Kontaktaufnahme mit Ihnen bez\u00fcglich m\u00f6glicher oder laufender Projekte<\/li>\n\n\n\n<li>Interne Protokollf\u00fchrung<\/li>\n<\/ul>\n\n<p>Wir verwenden Ihre Daten nur mit Ihrer Einwilligung. Wie wir Ihre Daten verwenden, wird klar definiert, wenn Sie uns diese mitteilen.<\/p>\n\n<p>Wir haben und werden Ihre Daten niemals an Dritte verkaufen oder vermieten.<\/p>\n\n<p>Wir geben Ihre personenbezogenen Daten nur dann an ein anderes Unternehmen weiter, wenn:<\/p>\n\n<ul class=\"wp-block-list\">\n<li>Wenn wir Ihre Zustimmung zur Weitergabe der Informationen haben, beispielsweise wenn wir bei Ihrem Projekt mit einem vertrauensw\u00fcrdigen Lieferanten zusammenarbeiten.<\/li>\n\n\n\n<li>Wenn wir Ihre Daten weitergeben m\u00fcssen, um Ihnen ein von Ihnen angefordertes Produkt oder eine angeforderte Dienstleistung bereitzustellen, beispielsweise f\u00fcr die Lieferung von Waren oder die Entwicklung von Eigenmarkenprodukten.<\/li>\n\n\n\n<li>Wenn wir auf Gerichtsbeschl\u00fcsse oder Rechtsverfahren reagieren.<\/li>\n\n\n\n<li>Wir stellen fest, dass Ihr Verhalten auf unserer Website oder durch sonstige Kommunikation gegen unsere Allgemeinen Gesch\u00e4ftsbedingungen oder unsere Nutzungsrichtlinien f\u00fcr bestimmte Produkte oder Dienstleistungen verst\u00f6\u00dft. Dies ist beispielsweise der Fall, wenn wir Ihre Daten an unseren Anwalt weitergeben m\u00fcssen.<\/li>\n<\/ul>\n\n<h4 class=\"wp-block-heading\">Entfernen Ihrer Daten aus unseren Aufzeichnungen<\/h4>\n\n<p>Wir werden Ihre Daten niemals ohne Ihre Zustimmung verwenden und Sie haben jederzeit die Kontrolle dar\u00fcber, wie wir Ihre Daten verwenden.<\/p>\n\n<ul class=\"wp-block-list\">\n<li>Wir werden Sie immer um Ihre Erlaubnis bitten, unsere E-News zu abonnieren, beispielsweise, wenn Sie unser Kontaktformular verwenden.<\/li>\n\n\n\n<li>In unseren E-News finden Sie immer einen Abmeldelink, mit dem Sie sich umgehend von weiteren Nachrichten abmelden k\u00f6nnen. Ihre Daten werden weiterhin in unserer E-Mail-Datenbank gespeichert (aber nicht verwendet), um sicherzustellen, dass wir Ihnen in Zukunft keine E-Mails mehr senden.<\/li>\n\n\n\n<li>Wenn Sie zuvor zugestimmt haben, dass wir Ihre Daten f\u00fcr Marketingzwecke verwenden, k\u00f6nnen Sie uns kontaktieren, um dies zu \u00e4ndern. Senden Sie uns eine E-Mail an <a href=\"mailto:info@cupup.hr\">info@cupup.hr<\/a>, um die L\u00f6schung Ihrer Daten aus unseren Datenbanken zu beantragen.<\/li>\n\n\n\n<li>Wenn Sie Ihr Konto bei uns l\u00f6schen m\u00f6chten, kontaktieren Sie uns bitte unter <a href=\"mailto:info@cupup.hr\">info@cupup.hr<\/a><\/li>\n<\/ul>\n\n<p>Wenn Sie Fragen zu Ihren Daten haben, senden Sie uns bitte eine E-Mail an <a href=\"mailto:info@cupup.hr\">info@cupup.hr<\/a>.<\/p>\n\n<h4 class=\"wp-block-heading\">Sicherheit<\/h4>\n\n<p>Alle von uns verwendeten und kontrollierten personenbezogenen Daten werden verschl\u00fcsselt und sicher gespeichert, um unbefugten Zugriff zu verhindern. <\/p>\n\n<h4 class=\"wp-block-heading\">Cookies<\/h4>\n\n<p>WWir k\u00f6nnen Cookies auf Ihrem Computer setzen und darauf zugreifen und mithilfe der Cookies Informationen \u00fcber Ihre allgemeine Internetnutzung sammeln. Diese Cookies werden auf Ihren Computer heruntergeladen und auf der Festplatte des Computers gespeichert Diese Daten geben keinerlei pers\u00f6nliche Informationen \u00fcber Sie preis.<\/p>\n\n<p>Sie k\u00f6nnen die Einstellungen Ihres Computers so anpassen, dass Sie Cookies ablehnen, wenn Sie dies w\u00fcnschen. Aktivieren Sie dazu die Einstellung \u201eCookies ablehnen\u201c auf Ihrem Computer.<br\/><br\/><\/p>\n\n<h4 class=\"wp-block-heading\">\u00c4nderungsantr\u00e4ge<\/h4>\n\n<p>Diese Datenschutzrichtlinie kann von Zeit zu Zeit ge\u00e4ndert werden. Sie wurde zuletzt im April 2024 aktualisiert.<\/p>\n","protected":false},"excerpt":{"rendered":"<p>Wer wir sind Unsere Website-Adresse lautet: https:\/\/nord.cupup.hr Diese Datenschutzrichtlinie gilt f\u00fcr die Verwaltung personenbezogener Daten durch CUP UP, die wir erfassen, wenn Sie unsere Seite verwenden, Online-Anfragen ausf\u00fcllen oder uns f\u00fcr Produkt- und Serviceinformationen kontaktieren. Was wir sammeln Wir k\u00f6nnen die folgenden Informationen anfordern und speichern: Wir k\u00f6nnen diese personenbezogenen Daten erfassen, wenn Sie unsere <\/p>\n","protected":false},"author":1,"featured_media":0,"parent":0,"menu_order":0,"comment_status":"closed","ping_status":"open","template":"","meta":{"_acf_changed":false,"footnotes":""},"class_list":["post-1625","page","type-page","status-publish","hentry"],"acf":[],"_links":{"self":[{"href":"https:\/\/nord.cupup.hr\/de\/wp-json\/wp\/v2\/pages\/1625","targetHints":{"allow":["GET"]}}],"collection":[{"href":"https:\/\/nord.cupup.hr\/de\/wp-json\/wp\/v2\/pages"}],"about":[{"href":"https:\/\/nord.cupup.hr\/de\/wp-json\/wp\/v2\/types\/page"}],"author":[{"embeddable":true,"href":"https:\/\/nord.cupup.hr\/de\/wp-json\/wp\/v2\/users\/1"}],"replies":[{"embeddable":true,"href":"https:\/\/nord.cupup.hr\/de\/wp-json\/wp\/v2\/comments?post=1625"}],"version-history":[{"count":1,"href":"https:\/\/nord.cupup.hr\/de\/wp-json\/wp\/v2\/pages\/1625\/revisions"}],"predecessor-version":[{"id":1626,"href":"https:\/\/nord.cupup.hr\/de\/wp-json\/wp\/v2\/pages\/1625\/revisions\/1626"}],"wp:attachment":[{"href":"https:\/\/nord.cupup.hr\/de\/wp-json\/wp\/v2\/media?parent=1625"}],"curies":[{"name":"wp","href":"https:\/\/api.w.org\/{rel}","templated":true}]}}