{"id":1627,"date":"2024-03-25T09:03:01","date_gmt":"2024-03-25T09:03:01","guid":{"rendered":"https:\/\/cupup.mamp:8890\/nachhaltigkeit\/"},"modified":"2024-08-08T13:01:06","modified_gmt":"2024-08-08T13:01:06","slug":"nachhaltigkeit","status":"publish","type":"page","link":"https:\/\/nord.cupup.hr\/de\/nachhaltigkeit\/","title":{"rendered":"Nachhaltigkeit"},"content":{"rendered":"<div class=\"wp-bootstrap-blocks-container container mb-2\">\n\t\n<div class=\"wp-bootstrap-blocks-row row\">\n\t\n\n<div class=\"col-12\">\n\t\t\t\n\n<h2 class=\"wp-block-heading\">CUP UP NACHHALTIGKEIT<\/h2>\n\n\t<\/div>\n\n<\/div>\n\n\n<div class=\"wp-bootstrap-blocks-row row\">\n\t\n\n<div class=\"col-12 col-md-10\">\n\t\t\t\n\n<h3 class=\"wp-block-heading\">Die CUP UP-Vision <mark style=\"background-color:rgba(0, 0, 0, 0)\" class=\"has-inline-color has-green-color\">|<\/mark> Der f\u00fchrende Hersteller von Hygienepapierprodukten in der Republik Kroatien und der weiteren Region zu werden.<\/h3>\n\n\n\n<p>Um unser Ziel zu erreichen, verfolgt CUP UP die Politik, Technologie und Produktqualit\u00e4t kontinuierlich zu verbessern und gleichzeitig die weltweiten Trends in Sachen Nachhaltigkeit zu verfolgen. Wir m\u00f6chten neue Produkte entwickeln und herstellen und dabei den Ruf eines Herstellers wahren, der f\u00fcr hohe Qualit\u00e4t steht.<\/p>\n\n\n\n<h6 class=\"wp-block-heading\">CUP UP d.o.o. m\u00f6chte dies durch eine noch st\u00e4rkere gr\u00fcne Umstellung des Unternehmens erreichen, und zwar durch:<\/h6>\n\n\t<\/div>\n\n<\/div>\n\n<\/div>\n\n<div id=\"linkswrapper-block_4da0c76a3bc3e6bea9fdddccda110b27\" class=\"linkswrapper wrapper my-4\" >\n    \n    <div class=\"container\">\n    \n    <div class=\"linkswrapper row row-cols-1 row-cols-md-3 g-3 \">\n\n\n<div class=\"linkcard col\">\n    \n    <div class=\"card h-100 border-0  py-4 px-2\">\n\n<div class=\"wp-block-group card-body\"><div class=\"wp-block-group__inner-container is-layout-flow wp-block-group-is-layout-flow\">\n<p class=\"has-green-color has-text-color has-link-color wp-elements-b79745d9d1384c6762258c7635ef816f\">Reduzierung der Treibhausgasemissionen durch Reduzierung des CO2-Aussto\u00dfes<\/p>\n<\/div><\/div>\n\n<\/div><!-- \/.col display wordpress blocks -->\n                \n     \n\n<\/div>\n\n\n\n\n<div class=\"linkcard col\">\n    \n    <div class=\"card h-100 border-0  py-4 px-2\">\n\n<div class=\"wp-block-group card-body\"><div class=\"wp-block-group__inner-container is-layout-flow wp-block-group-is-layout-flow\">\n<p class=\"has-green-color has-text-color has-link-color wp-elements-e94225759e691ffce6a71dc92ffd47b1\">Erh\u00f6hung des Anteils der Energieerzeugung aus erneuerbaren Energiequellen<\/p>\n<\/div><\/div>\n\n<\/div><!-- \/.col display wordpress blocks -->\n                \n     \n\n<\/div>\n\n\n\n\n<div class=\"linkcard col\">\n    \n    <div class=\"card h-100 border-0  py-4 px-2\">\n\n<div class=\"wp-block-group card-body\"><div class=\"wp-block-group__inner-container is-layout-flow wp-block-group-is-layout-flow\">\n<p class=\"has-green-color has-text-color has-link-color wp-elements-37df8010085e601db383c33424fc5c6b\">Realisierte Energieeinsparungen<\/p>\n<\/div><\/div>\n\n<\/div><!-- \/.col display wordpress blocks -->\n                \n     \n\n<\/div>\n\n\n\n\n<div class=\"linkcard col\">\n    \n    <div class=\"card h-100 border-0  py-4 px-2\">\n\n<div class=\"wp-block-group card-body\"><div class=\"wp-block-group__inner-container is-layout-flow wp-block-group-is-layout-flow\">\n<p class=\"has-green-color has-text-color has-link-color wp-elements-3e38cbe8b8c84125cd2b0e9f8b16e5f9\">Einsparungen beim j\u00e4hrlichen Prim\u00e4renergieverbrauch<\/p>\n<\/div><\/div>\n\n<\/div><!-- \/.col display wordpress blocks -->\n                \n     \n\n<\/div>\n\n\n\n\n<div class=\"linkcard col\">\n    \n    <div class=\"card h-100 border-0  py-4 px-2\">\n\n<div class=\"wp-block-group card-body\"><div class=\"wp-block-group__inner-container is-layout-flow wp-block-group-is-layout-flow\">\n<p class=\"has-green-color has-text-color has-link-color wp-elements-f1b611e8d5cc77f10e94a3ed9e123e02\">Erh\u00f6hung des Anteils an Sekund\u00e4rrohstoffen (Recycling), die in der Produktion pro Produkteinheit eingesetzt werden sollen<\/p>\n<\/div><\/div>\n\n<\/div><!-- \/.col display wordpress blocks -->\n                \n     \n\n<\/div>\n\n<\/div><!-- \/.col display wordpress blocks -->\n                \n                   \n<\/div><!-- #linkswrapper block -->\n\n\n\n<\/div>\n<div class=\"wp-bootstrap-blocks-container container mb-2\">\n\t\n<div class=\"wp-bootstrap-blocks-row row\">\n\t\n\n<div class=\"col-12 col-md-10\">\n\t\t\t\n\n<h2 class=\"wp-block-heading\">Investitionen in erneuerbare Energien<\/h2>\n\n\n\n<p>Im Rahmen unseres Engagements f\u00fcr eine nachhaltigere Zukunft haben wir in ein gro\u00df angelegtes Projekt investiert, um Ressourcen effizienter zu nutzen, den Energieverbrauch zu senken und die CO2-Emissionen zu reduzieren. Dazu geh\u00f6ren:<\/p>\n\n\n\n<ul class=\"wp-block-list\">\n<li>Bau eines Photovoltaikkraftwerks<\/li>\n\n\n\n<li>Aufbau einer W\u00e4rmepumpenanlage<\/li>\n<\/ul>\n\n\n\n<figure class=\"wp-block-image size-medium\"><a href=\"https:\/\/next-generation-eu.europa.eu\/index_en\"><img loading=\"lazy\" decoding=\"async\" width=\"300\" height=\"88\" src=\"https:\/\/nord.cupup.hr\/wp-content\/uploads\/2024\/03\/hr-financira-europska-unija-300x88.jpg\" alt=\"\" class=\"wp-image-649\" srcset=\"https:\/\/nord.cupup.hr\/wp-content\/uploads\/2024\/03\/hr-financira-europska-unija-300x88.jpg 300w, https:\/\/nord.cupup.hr\/wp-content\/uploads\/2024\/03\/hr-financira-europska-unija-1024x301.jpg 1024w, https:\/\/nord.cupup.hr\/wp-content\/uploads\/2024\/03\/hr-financira-europska-unija-768x226.jpg 768w, https:\/\/nord.cupup.hr\/wp-content\/uploads\/2024\/03\/hr-financira-europska-unija-1536x452.jpg 1536w, https:\/\/nord.cupup.hr\/wp-content\/uploads\/2024\/03\/hr-financira-europska-unija-2048x603.jpg 2048w\" sizes=\"auto, (max-width: 300px) 100vw, 300px\" \/><\/a><\/figure>\n\n\n<p>Das 1.788.174,06 \u20ac teure Projekt wurde teilweise \u00fcber den Wiederaufbauplan Next Generation EU finanziert.<\/p>\n\n\n\n<div class=\"wp-block-buttons is-layout-flex wp-block-buttons-is-layout-flex\">\n<div class=\"wp-block-button is-style-outline is-style-outline--1\"><a class=\"wp-block-button__link wp-element-button\" href=\"https:\/\/nord.cupup.hr\/de\/nextgeneration-eu-2\/\">Finden Sie mehr heraus<\/a><\/div>\n<\/div>\n\n\n\n<div style=\"height:50px\" aria-hidden=\"true\" class=\"wp-block-spacer\"><\/div>\n\n\t<\/div>\n\n<\/div>\n\n<\/div>\n<div class=\"wp-bootstrap-blocks-container container mb-2\">\n\t\n<div class=\"wp-bootstrap-blocks-row row\">\n\t\n\n<div class=\"col-12 col-md-10\">\n\t\t\t\n\n<h2 class=\"wp-block-heading\">Abfallwirtschaftsplan<\/h2>\n\n\n\n<h6 class=\"wp-block-heading\">Alle unsere Prozesse und Aktivit\u00e4ten zur Sammlung, Sortierung und Entsorgung von Abf\u00e4llen erf\u00fcllen die gesetzlichen Anforderungen.<\/h6>\n\n\n\n<p>CUP UP d.o.o. verf\u00fcgt \u00fcber eine Zertifizierung, im Rahmen derer die Prozesse der Abfalltrennung und \u2013entsorgung sowie der Sorge f\u00fcr die UMWELT und die Gesundheit der MENSCHEN durchgef\u00fchrt werden:<\/p>\n\n\n\n<div style=\"height:30px\" aria-hidden=\"true\" class=\"wp-block-spacer\"><\/div>\n\n\t<\/div>\n\n<\/div>\n\n<\/div>\n<div class=\"wp-bootstrap-blocks-container container mb-5\">\n\t\n<div class=\"wp-bootstrap-blocks-row row\">\n\t\n\n<div class=\"col-12 col-md-4 hero-icons\">\n\t\t\t\n<div class=\"wp-bootstrap-blocks-row row\">\n\t\n\n<div class=\"col-7 col-md-6\">\n\t\t\t\n<div class=\"wp-block-image\">\n<figure class=\"aligncenter size-full\"><img loading=\"lazy\" decoding=\"async\" width=\"500\" height=\"358\" src=\"https:\/\/nord.cupup.hr\/wp-content\/uploads\/2024\/04\/ISO-1400-urs-logo.png\" alt=\"\" class=\"wp-image-1204\" srcset=\"https:\/\/nord.cupup.hr\/wp-content\/uploads\/2024\/04\/ISO-1400-urs-logo.png 500w, https:\/\/nord.cupup.hr\/wp-content\/uploads\/2024\/04\/ISO-1400-urs-logo-300x214.png 300w\" sizes=\"auto, (max-width: 500px) 100vw, 500px\" \/><\/figure><\/div>\n\t<\/div>\n\n\n\n<div class=\"col-12\">\n\t\t\t\n\n<p><strong>ISO14001 &#8211;<\/strong> CUP UP hat an unserem Produktions- und Vertriebsstandort ein Umweltmanagementsystem eingef\u00fchrt. Wir sind bestrebt, unsere Umweltleistung kontinuierlich zu verbessern und eine nachhaltige Zukunft f\u00fcr alle Aspekte unseres Gesch\u00e4fts zu schaffen.<\/p>\n\n\t<\/div>\n\n<\/div>\n\n\t<\/div>\n\n\n\n<div class=\"col-12 col-md-4 hero-icons\">\n\t\t\t\n<div class=\"wp-bootstrap-blocks-row row\">\n\t\n\n<div class=\"col-7 col-md-6\">\n\t\t\t\n<div class=\"wp-block-image\">\n<figure class=\"aligncenter size-full\"><img loading=\"lazy\" decoding=\"async\" width=\"500\" height=\"357\" src=\"https:\/\/nord.cupup.hr\/wp-content\/uploads\/2024\/03\/Ecolabel-logo.png\" alt=\"\" class=\"wp-image-485\" srcset=\"https:\/\/nord.cupup.hr\/wp-content\/uploads\/2024\/03\/Ecolabel-logo.png 500w, https:\/\/nord.cupup.hr\/wp-content\/uploads\/2024\/03\/Ecolabel-logo-300x214.png 300w\" sizes=\"auto, (max-width: 500px) 100vw, 500px\" \/><\/figure><\/div>\n\t<\/div>\n\n\n\n<div class=\"col-12 col-md-8 col-xl-9\">\n\t\t\t\n\n<p>Das Umweltzeichen <strong>Ecolabel<\/strong> wird an Produkte vergeben, die w\u00e4hrend ihres gesamten Lebenszyklus vom Rohstoff \u00fcber die Produktion und Verteilung bis hin zur Entsorgung hohe Umweltstandards einhalten.<\/p>\n\n\t<\/div>\n\n<\/div>\n\n\t<\/div>\n\n\n\n<div class=\"col-12 col-md-4 hero-icons\">\n\t\t\t\n<div class=\"wp-bootstrap-blocks-row row\">\n\t\n\n<div class=\"col-7 col-md-6\">\n\t\t\t\n<div class=\"wp-block-image\">\n<figure class=\"aligncenter size-full\"><img loading=\"lazy\" decoding=\"async\" width=\"500\" height=\"357\" src=\"https:\/\/nord.cupup.hr\/wp-content\/uploads\/2024\/03\/fsc-logo.png\" alt=\"\" class=\"wp-image-832\" srcset=\"https:\/\/nord.cupup.hr\/wp-content\/uploads\/2024\/03\/fsc-logo.png 500w, https:\/\/nord.cupup.hr\/wp-content\/uploads\/2024\/03\/fsc-logo-300x214.png 300w\" sizes=\"auto, (max-width: 500px) 100vw, 500px\" \/><\/figure><\/div>\n\t<\/div>\n\n\n\n<div class=\"col-12\">\n\t\t\t\n\n<p><strong>FSC\u00ae &#8211;<\/strong> Produkte, die das Symbol des Forest Stewardship Council\u00ae tragen, werden unabh\u00e4ngig zertifiziert, um sicherzustellen, dass sie aus Holz aus FSC\u00ae-zertifizierten W\u00e4ldern hergestellt sind oder dieses enthalten.<\/p>\n\n\n\n<p>(FSC \u2013 C178670)<\/p>\n\n\t<\/div>\n\n<\/div>\n\n\t<\/div>\n\n<\/div>\n\n\n<div class=\"wp-bootstrap-blocks-row row\">\n\t\n\n<div class=\"col-12 col-md-10\">\n\t\t\t\n\n<div style=\"height:40px\" aria-hidden=\"true\" class=\"wp-block-spacer\"><\/div>\n\n\n\n<p>Das Dokument, auf dem diese drei Zertifikate basieren, ist der WASTE MANAGEMENT PLAN, der gesetzliche Anforderungen an Verfahren, Dokumentation und Verantwortlichkeiten f\u00fcr die Qualit\u00e4tstrennung und -entsorgung von Abf\u00e4llen definiert.<\/p>\n\n\t<\/div>\n\n<\/div>\n\n<\/div>\n\n<div id=\"featureblock-block_f9f815c81e32b9c6a6e64d35822a2a60\" class=\"featureblock wrapper bg-secondary my-2  pb-0 pt-5 dark-bg\" >\n\n\t<div class=\"featureblock text-white\">\n          \n<div class=\"container\"  id=\"featuretop-block_c741aca3b70c599ccadb822259e7757e\" class=\"featuretop\">   \n\n    <div class=\"row\">\n\n        <div class=\"col-12 col-md-6 col-lg-7 pb-4\">\n\n             <div class=\"acf-innerblocks-container\">\n\n<h2 class=\"wp-block-heading\">CircKreislaufwirtschaft<\/h2>\n\n\n\n<h3 class=\"wp-block-heading\">Wir f\u00f6rdern und nutzen das Modell der Kreislaufwirtschaft f\u00fcr Produktion und Verbrauch.<\/h3>\n\n\n\n<h6 class=\"wp-block-heading\">Dazu geh\u00f6rt das Teilen, Ausleihen, Wiederverwenden, Reparieren, Restaurieren und Recyceln vorhandener Produkte und Materialien \u00fcber einen m\u00f6glichst langen Zeitraum, wodurch zus\u00e4tzlicher, l\u00e4ngerer Produktwert entsteht. Dies verl\u00e4ngert die Lebensdauer des Produkts und reduziert gleichzeitig die Abfallmenge.<\/h6>\n\n<\/div><!-- \/.col display wordpress blocks -->\n\n                    <\/div>\n\n        <div class=\"col-7 col-md-6 col-lg-4 offset-lg-1 d-flex\">\n\n            <img loading=\"lazy\" decoding=\"async\" width=\"2500\" height=\"1406\" src=\"https:\/\/nord.cupup.hr\/wp-content\/uploads\/2024\/08\/reduce-reuse-recycle-de.jpg\" class=\"round-top mt-auto mb-0 img-fluid\" alt=\"\" srcset=\"https:\/\/nord.cupup.hr\/wp-content\/uploads\/2024\/08\/reduce-reuse-recycle-de.jpg 2500w, https:\/\/nord.cupup.hr\/wp-content\/uploads\/2024\/08\/reduce-reuse-recycle-de-300x169.jpg 300w, https:\/\/nord.cupup.hr\/wp-content\/uploads\/2024\/08\/reduce-reuse-recycle-de-1024x576.jpg 1024w, https:\/\/nord.cupup.hr\/wp-content\/uploads\/2024\/08\/reduce-reuse-recycle-de-768x432.jpg 768w, https:\/\/nord.cupup.hr\/wp-content\/uploads\/2024\/08\/reduce-reuse-recycle-de-1536x864.jpg 1536w, https:\/\/nord.cupup.hr\/wp-content\/uploads\/2024\/08\/reduce-reuse-recycle-de-2048x1152.jpg 2048w\" sizes=\"auto, (max-width: 2500px) 100vw, 2500px\" \/>\n        <\/div>    \n\n    <\/div><!-- .row -->\n\n<\/div>\n\n  \n<div id=\"featuregrad-block_600e4c9b78ec4bb18026306ccf778d45\" class=\"featuregrad bg-grad pt-3\">\n    \n    <div class=\"featuregrad-inner container\">\n<div class=\"wp-bootstrap-blocks-row row\">\n\t\n\n<div class=\"col-12\">\n\t\t\t\n\n<h5 class=\"wp-block-heading\">Eine Kreislaufwirtschaft verl\u00e4ngert die Lebensdauer des Produkts und reduziert gleichzeitig die Abfallmenge.<\/h5>\n\n\t<\/div>\n\n<\/div>\n\n<\/div><!-- \/.col display wordpress blocks -->\n    \n    \n<\/div><!-- #page-wrapper -->\n\n\n\n\n\n\n\n  <div id=\"featurebottom-block_ae9999636cce1eb60334f158ccfa8c21\" class=\"featurebottom container pb-5\">\n      \n      <div class=\"row pb-3\">\n            \n            <div class=\"col-12 col-md-7\">\n                \n                \n                <img loading=\"lazy\" decoding=\"async\" width=\"2500\" height=\"1786\" src=\"https:\/\/nord.cupup.hr\/wp-content\/uploads\/2024\/08\/circular-economy-graphic-de.jpg\" class=\"round-bottom img-fluid\" alt=\"\" srcset=\"https:\/\/nord.cupup.hr\/wp-content\/uploads\/2024\/08\/circular-economy-graphic-de.jpg 2500w, https:\/\/nord.cupup.hr\/wp-content\/uploads\/2024\/08\/circular-economy-graphic-de-300x214.jpg 300w, https:\/\/nord.cupup.hr\/wp-content\/uploads\/2024\/08\/circular-economy-graphic-de-1024x732.jpg 1024w, https:\/\/nord.cupup.hr\/wp-content\/uploads\/2024\/08\/circular-economy-graphic-de-768x549.jpg 768w, https:\/\/nord.cupup.hr\/wp-content\/uploads\/2024\/08\/circular-economy-graphic-de-1536x1097.jpg 1536w, https:\/\/nord.cupup.hr\/wp-content\/uploads\/2024\/08\/circular-economy-graphic-de-2048x1463.jpg 2048w, https:\/\/nord.cupup.hr\/wp-content\/uploads\/2024\/08\/circular-economy-graphic-de-1250x893.jpg 1250w\" sizes=\"auto, (max-width: 2500px) 100vw, 2500px\" \/>\n                                \n            <\/div>\n            \n            <div class=\"col-12 col-md-5 d-none d-md-block\">\n                \n                <img loading=\"lazy\" decoding=\"async\" width=\"2500\" height=\"1785\" src=\"https:\/\/nord.cupup.hr\/wp-content\/uploads\/2024\/03\/environment-tree-planting.jpg\" class=\"round-bottom img-fluid\" alt=\"\" srcset=\"https:\/\/nord.cupup.hr\/wp-content\/uploads\/2024\/03\/environment-tree-planting.jpg 2500w, https:\/\/nord.cupup.hr\/wp-content\/uploads\/2024\/03\/environment-tree-planting-300x214.jpg 300w, https:\/\/nord.cupup.hr\/wp-content\/uploads\/2024\/03\/environment-tree-planting-1024x732.jpg 1024w, https:\/\/nord.cupup.hr\/wp-content\/uploads\/2024\/03\/environment-tree-planting-768x549.jpg 768w, https:\/\/nord.cupup.hr\/wp-content\/uploads\/2024\/03\/environment-tree-planting-1536x1097.jpg 1536w, https:\/\/nord.cupup.hr\/wp-content\/uploads\/2024\/03\/environment-tree-planting-2048x1462.jpg 2048w, https:\/\/nord.cupup.hr\/wp-content\/uploads\/2024\/03\/environment-tree-planting-1250x893.jpg 1250w\" sizes=\"auto, (max-width: 2500px) 100vw, 2500px\" \/>                \n                            \n            <\/div>\n          \n            <div class=\"col-12 d-block d-md-none\">\n                \n                            \n            <\/div>\n            \n\t\t<\/div><!-- .row -->\n      \n      <div class=\"row\">\n          \n          <div class=\"col\"><\/div><!-- \/.col display wordpress blocks -->\n    \n                \n      <\/div><!-- .row -->   \n      \n<\/div>\n\n\n\n\n<\/div><!-- \/.col display wordpress blocks -->\n                \n                    \n    \n        \n    <div class=\"container \" >\n\n    <img decoding=\"async\" class=\"\" src=\"https:\/\/nord.cupup.hr\/wp-content\/themes\/understrap-child-1.2.0\/img\/paper-grey.png\" alt=\"\" loading=\"lazy\">\n\n    <\/div>\n    \n        \n\n<\/div><!-- #page-wrapper -->\n\n\n\n\n\n<div id=\"linkswrapper-block_4da0c76a3bc3e6bea9fdddccda110b27\" class=\"linkswrapper wrapper my-4\" >\n    \n    <div class=\"container\">\n    \n    <div class=\"linkswrapper row row-cols-1 row-cols-md-3 g-3 \">\n\n\n<div class=\"linkcard col\">\n    \n    <div class=\"card h-100 border-0  py-4 px-2\">\n\n<div class=\"wp-block-group card-body\"><div class=\"wp-block-group__inner-container is-layout-flow wp-block-group-is-layout-flow\">\n<figure class=\"wp-block-image size-large\"><img loading=\"lazy\" decoding=\"async\" width=\"1024\" height=\"301\" src=\"https:\/\/nord.cupup.hr\/wp-content\/uploads\/2024\/03\/hr-financira-europska-unija-1024x301.jpg\" alt=\"\" class=\"wp-image-649\" srcset=\"https:\/\/nord.cupup.hr\/wp-content\/uploads\/2024\/03\/hr-financira-europska-unija-1024x301.jpg 1024w, https:\/\/nord.cupup.hr\/wp-content\/uploads\/2024\/03\/hr-financira-europska-unija-300x88.jpg 300w, https:\/\/nord.cupup.hr\/wp-content\/uploads\/2024\/03\/hr-financira-europska-unija-768x226.jpg 768w, https:\/\/nord.cupup.hr\/wp-content\/uploads\/2024\/03\/hr-financira-europska-unija-1536x452.jpg 1536w, https:\/\/nord.cupup.hr\/wp-content\/uploads\/2024\/03\/hr-financira-europska-unija-2048x603.jpg 2048w\" sizes=\"auto, (max-width: 1024px) 100vw, 1024px\" \/><\/figure><\/div><\/div>\n\n\n\n<div class=\"wp-block-button card-footer text-center bg-transparent border-0 is-style-outline is-style-outline--2\"><a class=\"wp-block-button__link wp-element-button\" href=\"https:\/\/nord.cupup.hr\/de\/nextgeneration-eu-2\/\">finden Sie mehr heraus<\/a><\/div>\n\n<\/div><!-- \/.col display wordpress blocks -->\n                \n     \n\n<\/div>\n\n\n\n\n<div class=\"linkcard col\">\n    \n    <div class=\"card h-100 border-0  py-4 px-2\">\n\n<div class=\"wp-block-group card-body\"><div class=\"wp-block-group__inner-container is-layout-flow wp-block-group-is-layout-flow\">\n<h5 class=\"wp-block-heading card-title\">Nachhaltigkeit<\/h5>\n\n\n\n<p>Erfahren Sie, wie wir investieren, um unsere Produkte umweltfreundlich zu machen<\/p>\n<\/div><\/div>\n\n\n\n<div class=\"wp-block-button card-footer text-center bg-transparent border-0 is-style-outline is-style-outline--3\"><a class=\"wp-block-button__link wp-element-button\" href=\"https:\/\/nord.cupup.hr\/de\/nachhaltigkeit\/\">finden Sie mehr heraus<\/a><\/div>\n\n<\/div><!-- \/.col display wordpress blocks -->\n                \n     \n\n<\/div>\n\n\n\n\n<div class=\"linkcard col\">\n    \n    <div class=\"card h-100 border-0  py-4 px-2\">\n\n<div class=\"wp-block-group card-body\"><div class=\"wp-block-group__inner-container is-layout-flow wp-block-group-is-layout-flow\">\n<h5 class=\"wp-block-heading card-title\">Nehmen Sie Kontakt auf<\/h5>\n\n\n\n<p>F\u00fcr Verkaufsanfragen kontaktieren Sie uns<\/p>\n<\/div><\/div>\n\n\n\n<div class=\"wp-block-button card-footer text-center bg-transparent border-0\"><a class=\"wp-block-button__link wp-element-button\" href=\"https:\/\/nord.cupup.hr\/de\/kontakt\/\">Kontaktieren Sie uns<\/a><\/div>\n\n<\/div><!-- \/.col display wordpress blocks -->\n                \n     \n\n<\/div>\n\n<\/div><!-- \/.col display wordpress blocks -->\n                \n                   \n<\/div><!-- #linkswrapper block -->\n\n\n\n<\/div>\n","protected":false},"excerpt":{"rendered":"<p>Wir legen Wert auf Nachhaltigkeit <\/p>\n","protected":false},"author":1,"featured_media":1389,"parent":0,"menu_order":0,"comment_status":"closed","ping_status":"closed","template":"","meta":{"_acf_changed":false,"footnotes":""},"class_list":["post-1627","page","type-page","status-publish","has-post-thumbnail","hentry"],"acf":[],"_links":{"self":[{"href":"https:\/\/nord.cupup.hr\/de\/wp-json\/wp\/v2\/pages\/1627","targetHints":{"allow":["GET"]}}],"collection":[{"href":"https:\/\/nord.cupup.hr\/de\/wp-json\/wp\/v2\/pages"}],"about":[{"href":"https:\/\/nord.cupup.hr\/de\/wp-json\/wp\/v2\/types\/page"}],"author":[{"embeddable":true,"href":"https:\/\/nord.cupup.hr\/de\/wp-json\/wp\/v2\/users\/1"}],"replies":[{"embeddable":true,"href":"https:\/\/nord.cupup.hr\/de\/wp-json\/wp\/v2\/comments?post=1627"}],"version-history":[{"count":1,"href":"https:\/\/nord.cupup.hr\/de\/wp-json\/wp\/v2\/pages\/1627\/revisions"}],"predecessor-version":[{"id":1628,"href":"https:\/\/nord.cupup.hr\/de\/wp-json\/wp\/v2\/pages\/1627\/revisions\/1628"}],"wp:featuredmedia":[{"embeddable":true,"href":"https:\/\/nord.cupup.hr\/de\/wp-json\/wp\/v2\/media\/1389"}],"wp:attachment":[{"href":"https:\/\/nord.cupup.hr\/de\/wp-json\/wp\/v2\/media?parent=1627"}],"curies":[{"name":"wp","href":"https:\/\/api.w.org\/{rel}","templated":true}]}}