{"id":1660,"date":"2024-05-22T10:39:38","date_gmt":"2024-05-22T10:39:38","guid":{"rendered":"https:\/\/cupup.mamp:8890\/karriere\/"},"modified":"2024-08-13T16:13:47","modified_gmt":"2024-08-13T16:13:47","slug":"karriere","status":"publish","type":"page","link":"https:\/\/nord.cupup.hr\/de\/karriere\/","title":{"rendered":"Karriere"},"content":{"rendered":"\n<h3 class=\"wp-block-heading\">Arbeiten mit CUP UP d.o.o.<\/h3>\n\n<h6 class=\"wp-block-heading\">CUP UP ist ein schnell wachsender Hersteller von Papierhygieneprodukten, der alle Teammitglieder aktiv dazu ermutigt, zum Wachstum des Unternehmens beizutragen. Wir sind Probleml\u00f6ser f\u00fcr unsere Kunden und entwickeln innovative Papierprodukte, die ihre Bed\u00fcrfnisse erf\u00fcllen.  <\/h6>\n\n<p>Wir sind immer auf der Suche nach talentierten und motivierten Personen mit einem breiten Spektrum an Fachkenntnissen, die sich uns anschlie\u00dfen m\u00f6chten.<\/p>\n\n<p>Wenn Sie an einer Arbeitsstelle bei Cup UP d.o.o. interessiert sind, senden Sie bitte Ihr Bewerbungsschreiben und Ihren Lebenslauf an <a href=\"mailto:hr@cupup.hr\">hr@cupup.hr<\/a><\/p>\n","protected":false},"excerpt":{"rendered":"<p>Arbeiten mit CUP UP d.o.o. CUP UP ist ein schnell wachsender Hersteller von Papierhygieneprodukten, der alle Teammitglieder aktiv dazu ermutigt, zum Wachstum des Unternehmens beizutragen. Wir sind Probleml\u00f6ser f\u00fcr unsere Kunden und entwickeln innovative Papierprodukte, die ihre Bed\u00fcrfnisse erf\u00fcllen. Wir sind immer auf der Suche nach talentierten und motivierten Personen mit einem breiten Spektrum an <\/p>\n","protected":false},"author":1,"featured_media":0,"parent":0,"menu_order":0,"comment_status":"closed","ping_status":"closed","template":"","meta":{"_acf_changed":false,"footnotes":""},"class_list":["post-1660","page","type-page","status-publish","hentry"],"acf":[],"_links":{"self":[{"href":"https:\/\/nord.cupup.hr\/de\/wp-json\/wp\/v2\/pages\/1660","targetHints":{"allow":["GET"]}}],"collection":[{"href":"https:\/\/nord.cupup.hr\/de\/wp-json\/wp\/v2\/pages"}],"about":[{"href":"https:\/\/nord.cupup.hr\/de\/wp-json\/wp\/v2\/types\/page"}],"author":[{"embeddable":true,"href":"https:\/\/nord.cupup.hr\/de\/wp-json\/wp\/v2\/users\/1"}],"replies":[{"embeddable":true,"href":"https:\/\/nord.cupup.hr\/de\/wp-json\/wp\/v2\/comments?post=1660"}],"version-history":[{"count":3,"href":"https:\/\/nord.cupup.hr\/de\/wp-json\/wp\/v2\/pages\/1660\/revisions"}],"predecessor-version":[{"id":1686,"href":"https:\/\/nord.cupup.hr\/de\/wp-json\/wp\/v2\/pages\/1660\/revisions\/1686"}],"wp:attachment":[{"href":"https:\/\/nord.cupup.hr\/de\/wp-json\/wp\/v2\/media?parent=1660"}],"curies":[{"name":"wp","href":"https:\/\/api.w.org\/{rel}","templated":true}]}}