{"id":1498,"date":"2024-04-18T10:34:14","date_gmt":"2024-04-18T10:34:14","guid":{"rendered":"https:\/\/cupup.mamp:8890\/nextgeneration-eu\/"},"modified":"2025-10-28T14:43:57","modified_gmt":"2025-10-28T14:43:57","slug":"nextgeneration-eu","status":"publish","type":"page","link":"https:\/\/nord.cupup.hr\/hr\/nextgeneration-eu\/","title":{"rendered":"NextGeneration EU"},"content":{"rendered":"\n<h3 class=\"wp-block-heading\">Tranzicija dru\u0161tva CUP UP d.o.o. na energetski i resursno u\u010dinkovito poslovanje<\/h3>\n\n<p><strong>Ugovorno tijelo: <\/strong>Ministarstvo gospodarstva i odr\u017eivog razvoja<\/p>\n\n<p><strong>Prijavitelj projekta: <\/strong>CUP UP d.o.o.<\/p>\n\n<p><strong>Razdoblje provedbe projekta:<\/strong> 01.02.2023. \u2013 01.07.2025.<\/p>\n\n<p><strong>Lokacija: <\/strong> Bjelovar<\/p>\n\n<p><strong>Ukupna vrijednost projekta: <\/strong> EUR 1,788,174.06<\/p>\n\n<p><strong>Sufinanciranje EU:<\/strong> EUR 640,102.79<\/p>\n\n<h4 class=\"wp-block-heading\">Kratki opis projekta:<\/h4>\n\n<h6 class=\"wp-block-heading\">Projekt je usmjeren u energetski i resursno u\u010dinkovita rje\u0161enja te u promicanje proizvodnje energije iz obnovljivih izvora energije. <\/h6>\n\n<p>Poslovanje tvrtke CUP UP doo bit \u0107e usmjereno na energetski i resursno u\u010dinkovitu proizvodnju. Svojim proizvodnim i poslovnim aktivnostima jo\u0161 \u0107e sna\u017enije poduprijeti zelenu tranziciju.  Projektom se planira ostvariti br\u017ea i bolja prilagodba gospodarstva trenutnim i budu\u0107im ekolo\u0161kim zahtjevima te kroz ulaganja u zelenu tranziciju utjecati na smanjenje negativnih u\u010dinaka na klimu i okoli\u0161, pove\u0107ati odr\u017eivost proizvodnje, o\u010duvati postoje\u0107a i stvoriti nova radna mjesta te oja\u010dati svoju lokalnu i regionalnu konkurentnost.<\/p>\n\n<h4 class=\"wp-block-heading\">Ciljevi i o\u010dekivani rezultati projekta:<\/h4>\n\n<p>Cilj projekta je uvo\u0111enje novih tehnologija i tehnolo\u0161kih rje\u0161enja. To \u0107e rezultirati u\u010dinkovitijim kori\u0161tenjem resursa, smanjenjem potro\u0161nje energije i smanjenjem emisije CO2. <\/p>\n\n<p>U sklopu projekta nabavit \u0107e se sljede\u0107i radovi, robe i usluge:<\/p>\n\n<ul class=\"wp-block-list\">\n<li>Izgradnja fotonaponske elektrane<\/li>\n\n\n\n<li>Izgradnju sustava toplinske pumpe<\/li>\n\n\n\n<li>\u2022 Uvo\u0111enje novih tehnologija i tehnolo\u0161kih rje\u0161enja<\/li>\n\n\n\n<li>\u2022 Priprema projektno-tehni\u010dke dokumentacije<\/li>\n\n\n\n<li>\u2022 Upravljanje projektom i revizija projekta<\/li>\n\n\n\n<li>Informacije i vidljivost<br\/> Projektne aktivnosti pridonijet \u0107e ubla\u017eavanju i prilagodbi klimatskim promjenama, odr\u017eivom kori\u0161tenju prirodnih resursa, prijelazu na kru\u017eno gospodarstvo, prevenciji i kontroli one\u010di\u0161\u0107enja okoli\u0161a, pridonijeti drugim ekolo\u0161kim ciljevima i otvaranju novih radnih mjesta.<\/li>\n<\/ul>\n\n<p>Kontakt osoba za vi\u0161e informacija:<br\/> Nena Nikoli\u0107: <a href=\"mailto:nena.nikolic@cupup.hr\">nena.nikolic@cupup.hr<\/a><br\/> Vi\u0161e informacija dostupno je na web stranici: <a href=\"https:\/\/fondovieu.gov.hr\/pozivi\/13\">https:\/\/fondovieu.gov.hr\/pozivi\/13<\/a><\/p>\n\n<h4 class=\"wp-block-heading\">Financira Europska unija \u2013 NextGenerationEU<\/h4>\n\n<figure class=\"wp-block-image size-medium\"><a href=\"https:\/\/next-generation-eu.europa.eu\/index_hr\"><img loading=\"lazy\" decoding=\"async\" width=\"300\" height=\"88\" src=\"https:\/\/nord.cupup.hr\/wp-content\/uploads\/2024\/03\/hr-financira-europska-unija-300x88.jpg\" alt=\"\" class=\"wp-image-649\" srcset=\"https:\/\/nord.cupup.hr\/wp-content\/uploads\/2024\/03\/hr-financira-europska-unija-300x88.jpg 300w, https:\/\/nord.cupup.hr\/wp-content\/uploads\/2024\/03\/hr-financira-europska-unija-1024x301.jpg 1024w, https:\/\/nord.cupup.hr\/wp-content\/uploads\/2024\/03\/hr-financira-europska-unija-768x226.jpg 768w, https:\/\/nord.cupup.hr\/wp-content\/uploads\/2024\/03\/hr-financira-europska-unija-1536x452.jpg 1536w, https:\/\/nord.cupup.hr\/wp-content\/uploads\/2024\/03\/hr-financira-europska-unija-2048x603.jpg 2048w\" sizes=\"auto, (max-width: 300px) 100vw, 300px\" \/><\/a><\/figure>\n\n<p><em>Izneseni stavovi i mi\u0161ljenja samo su autorova i ne odra\u017eavaju nu\u017eno slu\u017ebena stajali\u0161ta Europske unije ili Europske komisije. Ni Europska unija ni Europska komisija ne mogu se smatrati odgovornima za njih.<\/em><\/p>\n\n<div id=\"linkswrapper-block_d6ef6be5a0e7c8d520365acabb7fe4ad\" class=\"linkswrapper wrapper my-4\" >\n    \n    <div class=\"container\">\n    \n    <div class=\"linkswrapper row row-cols-1 row-cols-md-3 g-3 \">\n\n\n<div class=\"linkcard col\">\n    \n    <div class=\"card h-100 border-0  py-4 px-2\">\n\n<div class=\"wp-block-group card-body\"><div class=\"wp-block-group__inner-container is-layout-flow wp-block-group-is-layout-flow\">\n<h5 class=\"wp-block-heading card-title\">Odr\u017eivost<\/h5>\n\n\n\n<p>Saznajte kako ula\u017eemo da bi na\u0161i proizvodi bili ekolo\u0161ki prihvatljivi<\/p>\n<\/div><\/div>\n\n\n\n<div class=\"wp-block-button card-footer text-center bg-transparent border-0 is-style-outline is-style-outline--1\"><a class=\"wp-block-button__link wp-element-button\" href=\"https:\/\/nord.cupup.hr\/hr\/odrzivost\/\">saznajte vi\u0161e<\/a><\/div>\n\n<\/div><!-- \/.col display wordpress blocks -->\n                \n     \n\n<\/div>\n\n\n\n\n<div class=\"linkcard col\">\n    \n    <div class=\"card h-100 border-0  py-4 px-2\">\n\n<div class=\"wp-block-group card-body\"><div class=\"wp-block-group__inner-container is-layout-flow wp-block-group-is-layout-flow\">\n<h5 class=\"wp-block-heading card-title\">O CUP UP d.o.o.<\/h5>\n\n\n\n<p>Saznajte vi\u0161e o kompaniji<\/p>\n<\/div><\/div>\n\n\n\n<div class=\"wp-block-button card-footer text-center bg-transparent border-0 is-style-outline is-style-outline--2\"><a class=\"wp-block-button__link wp-element-button\" href=\"https:\/\/nord.cupup.hr\/hr\/o-nama\/\">saznajte vi\u0161e<\/a><\/div>\n\n<\/div><!-- \/.col display wordpress blocks -->\n                \n     \n\n<\/div>\n\n\n\n\n<div class=\"linkcard col\">\n    \n    <div class=\"card h-100 border-0  py-4 px-2\">\n\n<div class=\"wp-block-group card-body\"><div class=\"wp-block-group__inner-container is-layout-flow wp-block-group-is-layout-flow\">\n<h5 class=\"wp-block-heading card-title\">Javite se<\/h5>\n\n\n\n<p>Kontaktirajte nas za upite o prodaji<\/p>\n<\/div><\/div>\n\n\n\n<div class=\"wp-block-button card-footer text-center bg-transparent border-0\"><a class=\"wp-block-button__link wp-element-button\" href=\"https:\/\/nord.cupup.hr\/hr\/kontakt\/\">Kontaktirajte nas<\/a><\/div>\n\n<\/div><!-- \/.col display wordpress blocks -->\n                \n     \n\n<\/div>\n\n<\/div><!-- \/.col display wordpress blocks -->\n                \n                   \n<\/div><!-- #linkswrapper block -->\n\n\n\n<\/div>\n","protected":false},"excerpt":{"rendered":"<p>Tranzicija dru\u0161tva CUP UP d.o.o. na energetski i resursno u\u010dinkovito poslovanje Ugovorno tijelo: Ministarstvo gospodarstva i odr\u017eivog razvoja Prijavitelj projekta: CUP UP d.o.o. Razdoblje provedbe projekta: 01.02.2023. \u2013 01.07.2025. Lokacija: Bjelovar Ukupna vrijednost projekta: EUR 1,788,174.06 Sufinanciranje EU: EUR 640,102.79 Kratki opis projekta: Projekt je usmjeren u energetski i resursno u\u010dinkovita rje\u0161enja te u promicanje <\/p>\n","protected":false},"author":1,"featured_media":0,"parent":0,"menu_order":0,"comment_status":"closed","ping_status":"closed","template":"","meta":{"_acf_changed":false,"footnotes":""},"class_list":["post-1498","page","type-page","status-publish","hentry"],"acf":[],"_links":{"self":[{"href":"https:\/\/nord.cupup.hr\/hr\/wp-json\/wp\/v2\/pages\/1498","targetHints":{"allow":["GET"]}}],"collection":[{"href":"https:\/\/nord.cupup.hr\/hr\/wp-json\/wp\/v2\/pages"}],"about":[{"href":"https:\/\/nord.cupup.hr\/hr\/wp-json\/wp\/v2\/types\/page"}],"author":[{"embeddable":true,"href":"https:\/\/nord.cupup.hr\/hr\/wp-json\/wp\/v2\/users\/1"}],"replies":[{"embeddable":true,"href":"https:\/\/nord.cupup.hr\/hr\/wp-json\/wp\/v2\/comments?post=1498"}],"version-history":[{"count":5,"href":"https:\/\/nord.cupup.hr\/hr\/wp-json\/wp\/v2\/pages\/1498\/revisions"}],"predecessor-version":[{"id":1718,"href":"https:\/\/nord.cupup.hr\/hr\/wp-json\/wp\/v2\/pages\/1498\/revisions\/1718"}],"wp:attachment":[{"href":"https:\/\/nord.cupup.hr\/hr\/wp-json\/wp\/v2\/media?parent=1498"}],"curies":[{"name":"wp","href":"https:\/\/api.w.org\/{rel}","templated":true}]}}