{"id":1502,"date":"2024-03-25T09:03:01","date_gmt":"2024-03-25T09:03:01","guid":{"rendered":"https:\/\/cupup.mamp:8890\/odrzivost\/"},"modified":"2024-08-06T15:31:17","modified_gmt":"2024-08-06T15:31:17","slug":"odrzivost","status":"publish","type":"page","link":"https:\/\/nord.cupup.hr\/hr\/odrzivost\/","title":{"rendered":"Odr\u017eivost"},"content":{"rendered":"<div class=\"wp-bootstrap-blocks-container container mb-2\">\n\t\n<div class=\"wp-bootstrap-blocks-row row\">\n\t\n\n<div class=\"col-12\">\n\t\t\t\n\n<h2 class=\"wp-block-heading\">CUP UP ODR\u017dIVOST<\/h2>\n\n\t<\/div>\n\n<\/div>\n\n\n<div class=\"wp-bootstrap-blocks-row row\">\n\t\n\n<div class=\"col-12 col-md-10\">\n\t\t\t\n\n<h3 class=\"wp-block-heading\">Vizija CUP UP <mark style=\"background-color:rgba(0, 0, 0, 0)\" class=\"has-inline-color has-green-color\">|<\/mark> Postati vode\u0107i proizvo\u0111a\u010d higijenskog papira u Republici Hrvatskoj i \u0161iroj regiji.<\/h3>\n\n\n\n<p>Kako bismo ostvarili svoj cilj, politika CUP UP-a je kontinuirano pobolj\u0161avati tehnologiju i kvalitetu proizvoda prate\u0107i svjetske trendove u odr\u017eivosti. Cilj nam je razvijati i stvarati nove proizvode zadr\u017eavaju\u0107i reputaciju proizvo\u0111a\u010da koji se zala\u017ee za visoku kvalitetu.<\/p>\n\n\n\n<h6 class=\"wp-block-heading\">CUP UP d.o.o. to \u017eeli posti\u0107i jo\u0161 ja\u010dom zelenom tranzicijom poslovanja kroz:<\/h6>\n\n\t<\/div>\n\n<\/div>\n\n<\/div>\n\n<div id=\"linkswrapper-block_e7d3195c706934f676ef27f619344d6a\" class=\"linkswrapper wrapper my-4\" >\n    \n    <div class=\"container\">\n    \n    <div class=\"linkswrapper row row-cols-1 row-cols-md-3 g-3 \">\n\n\n<div class=\"linkcard col\">\n    \n    <div class=\"card h-100 border-0  py-4 px-2\">\n\n<div class=\"wp-block-group card-body\"><div class=\"wp-block-group__inner-container is-layout-flow wp-block-group-is-layout-flow\">\n<p class=\"has-green-color has-text-color has-link-color wp-elements-d1487b1a2eef9afa4d02ea8c51f99e9e\">Smanjenje emisije stakleni\u010dkih plinova kroz smanjenje emisije CO2<\/p>\n<\/div><\/div>\n\n<\/div><!-- \/.col display wordpress blocks -->\n                \n     \n\n<\/div>\n\n\n\n\n<div class=\"linkcard col\">\n    \n    <div class=\"card h-100 border-0  py-4 px-2\">\n\n<div class=\"wp-block-group card-body\"><div class=\"wp-block-group__inner-container is-layout-flow wp-block-group-is-layout-flow\">\n<p class=\"has-green-color has-text-color has-link-color wp-elements-f8282e699eb4e88eeec3f0c1c8aaac3a\">Pove\u0107anje udjela energije koja \u0107e se proizvoditi iz obnovljivih izvora energije<\/p>\n<\/div><\/div>\n\n<\/div><!-- \/.col display wordpress blocks -->\n                \n     \n\n<\/div>\n\n\n\n\n<div class=\"linkcard col\">\n    \n    <div class=\"card h-100 border-0  py-4 px-2\">\n\n<div class=\"wp-block-group card-body\"><div class=\"wp-block-group__inner-container is-layout-flow wp-block-group-is-layout-flow\">\n<p class=\"has-green-color has-text-color has-link-color wp-elements-5ef45a46406c19f0763d730fa9dcf1ca\">Ostvarene u\u0161tede energije<\/p>\n<\/div><\/div>\n\n<\/div><!-- \/.col display wordpress blocks -->\n                \n     \n\n<\/div>\n\n\n\n\n<div class=\"linkcard col\">\n    \n    <div class=\"card h-100 border-0  py-4 px-2\">\n\n<div class=\"wp-block-group card-body\"><div class=\"wp-block-group__inner-container is-layout-flow wp-block-group-is-layout-flow\">\n<p class=\"has-green-color has-text-color has-link-color wp-elements-0cd1828c2dc5e9da662d40f510b54bf8\">U\u0161tede u godi\u0161njoj potro\u0161nji primarne energije<\/p>\n<\/div><\/div>\n\n<\/div><!-- \/.col display wordpress blocks -->\n                \n     \n\n<\/div>\n\n\n\n\n<div class=\"linkcard col\">\n    \n    <div class=\"card h-100 border-0  py-4 px-2\">\n\n<div class=\"wp-block-group card-body\"><div class=\"wp-block-group__inner-container is-layout-flow wp-block-group-is-layout-flow\">\n<p class=\"has-green-color has-text-color has-link-color wp-elements-4591cd670428970ce060bd357df99da8\">Pove\u0107anje udjela sekundarnih sirovina (recikliranih) koji se planiraju koristiti u proizvodnji po jedinici proizvoda<\/p>\n<\/div><\/div>\n\n<\/div><!-- \/.col display wordpress blocks -->\n                \n     \n\n<\/div>\n\n<\/div><!-- \/.col display wordpress blocks -->\n                \n                   \n<\/div><!-- #linkswrapper block -->\n\n\n\n<\/div>\n<div class=\"wp-bootstrap-blocks-container container mb-2\">\n\t\n<div class=\"wp-bootstrap-blocks-row row\">\n\t\n\n<div class=\"col-12 col-md-10\">\n\t\t\t\n\n<h2 class=\"wp-block-heading\">Ulaganje u obnovljivu energiju<\/h2>\n\n\n\n<p>Kao dio na\u0161e predanosti odr\u017eivijoj budu\u0107nosti, ulo\u017eili smo u veliki projekt kako bismo bili u\u010dinkovitiji u kori\u0161tenju resursa, smanjenju potro\u0161nje energije i smanjenju emisije CO2, \u0161to uklju\u010duje:<\/p>\n\n\n\n<ul class=\"wp-block-list\">\n<li>Izgradnja fotonaponske elektrane<\/li>\n\n\n\n<li>Izgradnju sustava toplinske pumpe<\/li>\n<\/ul>\n\n\n\n<figure class=\"wp-block-image size-medium\"><a href=\"https:\/\/next-generation-eu.europa.eu\/index_en\"><img loading=\"lazy\" decoding=\"async\" width=\"300\" height=\"88\" src=\"https:\/\/nord.cupup.hr\/wp-content\/uploads\/2024\/03\/hr-financira-europska-unija-300x88.jpg\" alt=\"\" class=\"wp-image-649\" srcset=\"https:\/\/nord.cupup.hr\/wp-content\/uploads\/2024\/03\/hr-financira-europska-unija-300x88.jpg 300w, https:\/\/nord.cupup.hr\/wp-content\/uploads\/2024\/03\/hr-financira-europska-unija-1024x301.jpg 1024w, https:\/\/nord.cupup.hr\/wp-content\/uploads\/2024\/03\/hr-financira-europska-unija-768x226.jpg 768w, https:\/\/nord.cupup.hr\/wp-content\/uploads\/2024\/03\/hr-financira-europska-unija-1536x452.jpg 1536w, https:\/\/nord.cupup.hr\/wp-content\/uploads\/2024\/03\/hr-financira-europska-unija-2048x603.jpg 2048w\" sizes=\"auto, (max-width: 300px) 100vw, 300px\" \/><\/a><\/figure>\n\n\n<p>Projekt vrijedan 1.788.174,06 eura djelomi\u010dno je financiran kroz EU plan oporavka NextGeneration.<\/p>\n\n\n\n<div class=\"wp-block-buttons is-layout-flex wp-block-buttons-is-layout-flex\">\n<div class=\"wp-block-button is-style-outline is-style-outline--1\"><a class=\"wp-block-button__link wp-element-button\" href=\"https:\/\/nord.cupup.hr\/hr\/nextgeneration-eu\/\">Saznajte vi\u0161e<\/a><\/div>\n<\/div>\n\n\n\n<div style=\"height:50px\" aria-hidden=\"true\" class=\"wp-block-spacer\"><\/div>\n\n\t<\/div>\n\n<\/div>\n\n<\/div>\n<div class=\"wp-bootstrap-blocks-container container mb-2\">\n\t\n<div class=\"wp-bootstrap-blocks-row row\">\n\t\n\n<div class=\"col-12 col-md-10\">\n\t\t\t\n\n<h2 class=\"wp-block-heading\">Waste Management Plan<\/h2>\n\n\n\n<h6 class=\"wp-block-heading\">Svi na\u0161i procesi i aktivnosti prikupljanja, razvrstavanja i zbrinjavanja otpadnih materijala zadovoljavaju zakonske uvjete.<\/h6>\n\n\n\n<p>CUP UP d.o.o. posjeduje certifikat prema kojem se provode procesi ODVAJANJA i ZBRINJAVANJA otpada te brige za OKOLI\u0160 i zdravlje LJUDI:<\/p>\n\n\n\n<div style=\"height:30px\" aria-hidden=\"true\" class=\"wp-block-spacer\"><\/div>\n\n\t<\/div>\n\n<\/div>\n\n<\/div>\n<div class=\"wp-bootstrap-blocks-container container mb-5\">\n\t\n<div class=\"wp-bootstrap-blocks-row row\">\n\t\n\n<div class=\"col-12 col-md-4 hero-icons\">\n\t\t\t\n<div class=\"wp-bootstrap-blocks-row row\">\n\t\n\n<div class=\"col-7 col-md-6\">\n\t\t\t\n<div class=\"wp-block-image\">\n<figure class=\"aligncenter size-full\"><img loading=\"lazy\" decoding=\"async\" width=\"500\" height=\"358\" src=\"https:\/\/nord.cupup.hr\/wp-content\/uploads\/2024\/04\/ISO-1400-urs-logo.png\" alt=\"\" class=\"wp-image-1204\" srcset=\"https:\/\/nord.cupup.hr\/wp-content\/uploads\/2024\/04\/ISO-1400-urs-logo.png 500w, https:\/\/nord.cupup.hr\/wp-content\/uploads\/2024\/04\/ISO-1400-urs-logo-300x214.png 300w\" sizes=\"auto, (max-width: 500px) 100vw, 500px\" \/><\/figure><\/div>\n\t<\/div>\n\n\n\n<div class=\"col-12\">\n\t\t\t\n\n<p><strong>ISO14001 &#8211;<\/strong> CUP UP je implementirao sustav upravljanja okoli\u0161em na na\u0161oj lokaciji proizvodnje i distribucije. Predani smo stalnom pobolj\u0161anju na\u0161eg ekolo\u0161kog u\u010dinka i odr\u017eivoj budu\u0107nosti za sve aspekte na\u0161eg poslovanja.<\/p>\n\n\t<\/div>\n\n<\/div>\n\n\t<\/div>\n\n\n\n<div class=\"col-12 col-md-4 hero-icons\">\n\t\t\t\n<div class=\"wp-bootstrap-blocks-row row\">\n\t\n\n<div class=\"col-7 col-md-6\">\n\t\t\t\n<div class=\"wp-block-image\">\n<figure class=\"aligncenter size-full\"><img loading=\"lazy\" decoding=\"async\" width=\"500\" height=\"357\" src=\"https:\/\/nord.cupup.hr\/wp-content\/uploads\/2024\/03\/Ecolabel-logo.png\" alt=\"\" class=\"wp-image-485\" srcset=\"https:\/\/nord.cupup.hr\/wp-content\/uploads\/2024\/03\/Ecolabel-logo.png 500w, https:\/\/nord.cupup.hr\/wp-content\/uploads\/2024\/03\/Ecolabel-logo-300x214.png 300w\" sizes=\"auto, (max-width: 500px) 100vw, 500px\" \/><\/figure><\/div>\n\t<\/div>\n\n\n\n<div class=\"col-12 col-md-8 col-xl-9\">\n\t\t\t\n\n<p><strong>Ecolabel<\/strong> se dodjeljuje proizvodima koji zadovoljavaju visoke ekolo\u0161ke standarde tijekom svog \u017eivotnog ciklusa od sirovine do proizvodnje, distribucije i odlaganja.<\/p>\n\n\t<\/div>\n\n<\/div>\n\n\t<\/div>\n\n\n\n<div class=\"col-12 col-md-4 hero-icons\">\n\t\t\t\n<div class=\"wp-bootstrap-blocks-row row\">\n\t\n\n<div class=\"col-7 col-md-6\">\n\t\t\t\n<div class=\"wp-block-image\">\n<figure class=\"aligncenter size-full\"><img loading=\"lazy\" decoding=\"async\" width=\"500\" height=\"357\" src=\"https:\/\/nord.cupup.hr\/wp-content\/uploads\/2024\/03\/fsc-logo.png\" alt=\"\" class=\"wp-image-832\" srcset=\"https:\/\/nord.cupup.hr\/wp-content\/uploads\/2024\/03\/fsc-logo.png 500w, https:\/\/nord.cupup.hr\/wp-content\/uploads\/2024\/03\/fsc-logo-300x214.png 300w\" sizes=\"auto, (max-width: 500px) 100vw, 500px\" \/><\/figure><\/div>\n\t<\/div>\n\n\n\n<div class=\"col-12\">\n\t\t\t\n\n<p><strong>FSC\u00ae &#8211;<\/strong> proizvodi koji nose simbol Forest Stewardship Council\u00ae neovisno su certificirani kako bi se osiguralo da su izra\u0111eni od ili sadr\u017ee drvo iz FSC\u00ae, certificiranih \u0161uma.<\/p>\n\n\n\n<p>(FSC \u2013 C178670)<\/p>\n\n\t<\/div>\n\n<\/div>\n\n\t<\/div>\n\n<\/div>\n\n\n<div class=\"wp-bootstrap-blocks-row row\">\n\t\n\n<div class=\"col-12 col-md-10\">\n\t\t\t\n\n<div style=\"height:40px\" aria-hidden=\"true\" class=\"wp-block-spacer\"><\/div>\n\n\n\n<p>Dokument na kojem se temelje ova tri certifikata je PLAN GOSPODARENJA OTPADOM koji definira zakonske uvjete za postupke, dokumentaciju i odgovornosti za kvalitetno odvajanje i zbrinjavanje otpada.<\/p>\n\n\t<\/div>\n\n<\/div>\n\n<\/div>\n\n<div id=\"featureblock-block_30b281effea923fd45036d199a584c39\" class=\"featureblock wrapper bg-secondary my-2  pb-0 pt-5 dark-bg\" >\n\n\t<div class=\"featureblock text-white\">\n          \n<div class=\"container\"  id=\"featuretop-block_3094ca237e2f92741e443a75ac9f16ff\" class=\"featuretop\">   \n\n    <div class=\"row\">\n\n        <div class=\"col-12 col-md-6 col-lg-7 pb-4\">\n\n             <div class=\"acf-innerblocks-container\">\n\n<h2 class=\"wp-block-heading\">Kru\u017ena ekonomija<\/h2>\n\n\n\n<h3 class=\"wp-block-heading\">Poti\u010demo i koristimo model kru\u017ene ekonomije proizvodnje i potro\u0161nje.<\/h3>\n\n\n\n<h6 class=\"wp-block-heading\">To uklju\u010duje dijeljenje, posu\u0111ivanje, ponovnu uporabu, popravak, restauraciju i recikliranje postoje\u0107ih proizvoda i materijala \u0161to je dulje mogu\u0107e, \u0161to stvara dodatnu, du\u017eu vrijednost proizvoda. To produljuje \u017eivotni vijek proizvoda, a smanjuje koli\u010dinu otpada.<\/h6>\n\n<\/div><!-- \/.col display wordpress blocks -->\n\n                    <\/div>\n\n        <div class=\"col-7 col-md-6 col-lg-4 offset-lg-1 d-flex\">\n\n            <img loading=\"lazy\" decoding=\"async\" width=\"2500\" height=\"1406\" src=\"https:\/\/nord.cupup.hr\/wp-content\/uploads\/2024\/05\/reduce-reuse-recycle-hr.jpg\" class=\"round-top mt-auto mb-0 img-fluid\" alt=\"\" srcset=\"https:\/\/nord.cupup.hr\/wp-content\/uploads\/2024\/05\/reduce-reuse-recycle-hr.jpg 2500w, https:\/\/nord.cupup.hr\/wp-content\/uploads\/2024\/05\/reduce-reuse-recycle-hr-300x169.jpg 300w, https:\/\/nord.cupup.hr\/wp-content\/uploads\/2024\/05\/reduce-reuse-recycle-hr-1024x576.jpg 1024w, https:\/\/nord.cupup.hr\/wp-content\/uploads\/2024\/05\/reduce-reuse-recycle-hr-768x432.jpg 768w, https:\/\/nord.cupup.hr\/wp-content\/uploads\/2024\/05\/reduce-reuse-recycle-hr-1536x864.jpg 1536w, https:\/\/nord.cupup.hr\/wp-content\/uploads\/2024\/05\/reduce-reuse-recycle-hr-2048x1152.jpg 2048w\" sizes=\"auto, (max-width: 2500px) 100vw, 2500px\" \/>\n        <\/div>    \n\n    <\/div><!-- .row -->\n\n<\/div>\n\n  \n<div id=\"featuregrad-block_496f06be62a2c7a2d11467b752ef1fe1\" class=\"featuregrad bg-grad pt-3\">\n    \n    <div class=\"featuregrad-inner container\">\n<div class=\"wp-bootstrap-blocks-row row\">\n\t\n\n<div class=\"col-12\">\n\t\t\t\n\n<h5 class=\"wp-block-heading\">Kru\u017eno gospodarstvo produljuje \u017eivotni vijek proizvoda uz smanjenje koli\u010dine otpada.<\/h5>\n\n\t<\/div>\n\n<\/div>\n\n<\/div><!-- \/.col display wordpress blocks -->\n    \n    \n<\/div><!-- #page-wrapper -->\n\n\n\n\n\n\n\n  <div id=\"featurebottom-block_1ad1aae7000f53a4c55c341b6b12b34d\" class=\"featurebottom container pb-5\">\n      \n      <div class=\"row pb-3\">\n            \n            <div class=\"col-12 col-md-7\">\n                \n                \n                <img loading=\"lazy\" decoding=\"async\" width=\"2500\" height=\"1786\" src=\"https:\/\/nord.cupup.hr\/wp-content\/uploads\/2024\/05\/circular-economy-graphic-hr.jpg\" class=\"round-bottom img-fluid\" alt=\"\" srcset=\"https:\/\/nord.cupup.hr\/wp-content\/uploads\/2024\/05\/circular-economy-graphic-hr.jpg 2500w, https:\/\/nord.cupup.hr\/wp-content\/uploads\/2024\/05\/circular-economy-graphic-hr-300x214.jpg 300w, https:\/\/nord.cupup.hr\/wp-content\/uploads\/2024\/05\/circular-economy-graphic-hr-1024x732.jpg 1024w, https:\/\/nord.cupup.hr\/wp-content\/uploads\/2024\/05\/circular-economy-graphic-hr-768x549.jpg 768w, https:\/\/nord.cupup.hr\/wp-content\/uploads\/2024\/05\/circular-economy-graphic-hr-1536x1097.jpg 1536w, https:\/\/nord.cupup.hr\/wp-content\/uploads\/2024\/05\/circular-economy-graphic-hr-2048x1463.jpg 2048w, https:\/\/nord.cupup.hr\/wp-content\/uploads\/2024\/05\/circular-economy-graphic-hr-1250x893.jpg 1250w\" sizes=\"auto, (max-width: 2500px) 100vw, 2500px\" \/>\n                                \n            <\/div>\n            \n            <div class=\"col-12 col-md-5 d-none d-md-block\">\n                \n                <img loading=\"lazy\" decoding=\"async\" width=\"2500\" height=\"1785\" src=\"https:\/\/nord.cupup.hr\/wp-content\/uploads\/2024\/03\/environment-tree-planting.jpg\" class=\"round-bottom img-fluid\" alt=\"\" srcset=\"https:\/\/nord.cupup.hr\/wp-content\/uploads\/2024\/03\/environment-tree-planting.jpg 2500w, https:\/\/nord.cupup.hr\/wp-content\/uploads\/2024\/03\/environment-tree-planting-300x214.jpg 300w, https:\/\/nord.cupup.hr\/wp-content\/uploads\/2024\/03\/environment-tree-planting-1024x732.jpg 1024w, https:\/\/nord.cupup.hr\/wp-content\/uploads\/2024\/03\/environment-tree-planting-768x549.jpg 768w, https:\/\/nord.cupup.hr\/wp-content\/uploads\/2024\/03\/environment-tree-planting-1536x1097.jpg 1536w, https:\/\/nord.cupup.hr\/wp-content\/uploads\/2024\/03\/environment-tree-planting-2048x1462.jpg 2048w, https:\/\/nord.cupup.hr\/wp-content\/uploads\/2024\/03\/environment-tree-planting-1250x893.jpg 1250w\" sizes=\"auto, (max-width: 2500px) 100vw, 2500px\" \/>                \n                            \n            <\/div>\n          \n            <div class=\"col-12 d-block d-md-none\">\n                \n                            \n            <\/div>\n            \n\t\t<\/div><!-- .row -->\n      \n      <div class=\"row\">\n          \n          <div class=\"col\"><\/div><!-- \/.col display wordpress blocks -->\n    \n                \n      <\/div><!-- .row -->   \n      \n<\/div>\n\n\n\n\n<\/div><!-- \/.col display wordpress blocks -->\n                \n                    \n    \n        \n    <div class=\"container \" >\n\n    <img decoding=\"async\" class=\"\" src=\"https:\/\/nord.cupup.hr\/wp-content\/themes\/understrap-child-1.2.0\/img\/paper-grey.png\" alt=\"\" loading=\"lazy\">\n\n    <\/div>\n    \n        \n\n<\/div><!-- #page-wrapper -->\n\n\n\n\n\n<div id=\"linkswrapper-block_e7d3195c706934f676ef27f619344d6a\" class=\"linkswrapper wrapper my-4\" >\n    \n    <div class=\"container\">\n    \n    <div class=\"linkswrapper row row-cols-1 row-cols-md-3 g-3 \">\n\n\n<div class=\"linkcard col\">\n    \n    <div class=\"card h-100 border-0  py-4 px-2\">\n\n<div class=\"wp-block-group card-body\"><div class=\"wp-block-group__inner-container is-layout-flow wp-block-group-is-layout-flow\">\n<figure class=\"wp-block-image size-large\"><img loading=\"lazy\" decoding=\"async\" width=\"1024\" height=\"301\" src=\"https:\/\/nord.cupup.hr\/wp-content\/uploads\/2024\/03\/hr-financira-europska-unija-1024x301.jpg\" alt=\"\" class=\"wp-image-649\" srcset=\"https:\/\/nord.cupup.hr\/wp-content\/uploads\/2024\/03\/hr-financira-europska-unija-1024x301.jpg 1024w, https:\/\/nord.cupup.hr\/wp-content\/uploads\/2024\/03\/hr-financira-europska-unija-300x88.jpg 300w, https:\/\/nord.cupup.hr\/wp-content\/uploads\/2024\/03\/hr-financira-europska-unija-768x226.jpg 768w, https:\/\/nord.cupup.hr\/wp-content\/uploads\/2024\/03\/hr-financira-europska-unija-1536x452.jpg 1536w, https:\/\/nord.cupup.hr\/wp-content\/uploads\/2024\/03\/hr-financira-europska-unija-2048x603.jpg 2048w\" sizes=\"auto, (max-width: 1024px) 100vw, 1024px\" \/><\/figure><\/div><\/div>\n\n\n\n<div class=\"wp-block-button card-footer text-center bg-transparent border-0 is-style-outline is-style-outline--2\"><a class=\"wp-block-button__link wp-element-button\" href=\"https:\/\/nord.cupup.hr\/hr\/nextgeneration-eu\/\">saznajte vi\u0161e<\/a><\/div>\n\n<\/div><!-- \/.col display wordpress blocks -->\n                \n     \n\n<\/div>\n\n\n\n\n<div class=\"linkcard col\">\n    \n    <div class=\"card h-100 border-0  py-4 px-2\">\n\n<div class=\"wp-block-group card-body\"><div class=\"wp-block-group__inner-container is-layout-flow wp-block-group-is-layout-flow\">\n<h5 class=\"wp-block-heading card-title\">Odr\u017eivost<\/h5>\n\n\n\n<p>Saznajte kako ula\u017eemo da bi na\u0161i proizvodi bili ekolo\u0161ki prihvatljivi<\/p>\n<\/div><\/div>\n\n\n\n<div class=\"wp-block-button card-footer text-center bg-transparent border-0 is-style-outline is-style-outline--3\"><a class=\"wp-block-button__link wp-element-button\" href=\"https:\/\/nord.cupup.hr\/hr\/odrzivost\/\">saznajte vi\u0161e<\/a><\/div>\n\n<\/div><!-- \/.col display wordpress blocks -->\n                \n     \n\n<\/div>\n\n\n\n\n<div class=\"linkcard col\">\n    \n    <div class=\"card h-100 border-0  py-4 px-2\">\n\n<div class=\"wp-block-group card-body\"><div class=\"wp-block-group__inner-container is-layout-flow wp-block-group-is-layout-flow\">\n<h5 class=\"wp-block-heading card-title\">Javite nam se<\/h5>\n\n\n\n<p>Kontaktirajte nas u vezi va\u0161ih potreba<\/p>\n<\/div><\/div>\n\n\n\n<div class=\"wp-block-button card-footer text-center bg-transparent border-0\"><a class=\"wp-block-button__link wp-element-button\" href=\"https:\/\/nord.cupup.hr\/hr\/kontakt\/\">Kontaktirajte nas<\/a><\/div>\n\n<\/div><!-- \/.col display wordpress blocks -->\n                \n     \n\n<\/div>\n\n<\/div><!-- \/.col display wordpress blocks -->\n                \n                   \n<\/div><!-- #linkswrapper block -->\n\n\n\n<\/div>\n","protected":false},"excerpt":{"rendered":"<p>Stalo nam je do odr\u017eivosti <\/p>\n","protected":false},"author":1,"featured_media":1388,"parent":0,"menu_order":0,"comment_status":"closed","ping_status":"closed","template":"","meta":{"_acf_changed":false,"footnotes":""},"class_list":["post-1502","page","type-page","status-publish","has-post-thumbnail","hentry"],"acf":[],"_links":{"self":[{"href":"https:\/\/nord.cupup.hr\/hr\/wp-json\/wp\/v2\/pages\/1502","targetHints":{"allow":["GET"]}}],"collection":[{"href":"https:\/\/nord.cupup.hr\/hr\/wp-json\/wp\/v2\/pages"}],"about":[{"href":"https:\/\/nord.cupup.hr\/hr\/wp-json\/wp\/v2\/types\/page"}],"author":[{"embeddable":true,"href":"https:\/\/nord.cupup.hr\/hr\/wp-json\/wp\/v2\/users\/1"}],"replies":[{"embeddable":true,"href":"https:\/\/nord.cupup.hr\/hr\/wp-json\/wp\/v2\/comments?post=1502"}],"version-history":[{"count":4,"href":"https:\/\/nord.cupup.hr\/hr\/wp-json\/wp\/v2\/pages\/1502\/revisions"}],"predecessor-version":[{"id":1587,"href":"https:\/\/nord.cupup.hr\/hr\/wp-json\/wp\/v2\/pages\/1502\/revisions\/1587"}],"wp:featuredmedia":[{"embeddable":true,"href":"https:\/\/nord.cupup.hr\/hr\/wp-json\/wp\/v2\/media\/1388"}],"wp:attachment":[{"href":"https:\/\/nord.cupup.hr\/hr\/wp-json\/wp\/v2\/media?parent=1502"}],"curies":[{"name":"wp","href":"https:\/\/api.w.org\/{rel}","templated":true}]}}