{"id":1504,"date":"2024-03-25T11:45:50","date_gmt":"2024-03-25T11:45:50","guid":{"rendered":"https:\/\/cupup.mamp:8890\/uvjeti-koristenja\/"},"modified":"2024-05-17T10:13:13","modified_gmt":"2024-05-17T10:13:13","slug":"uvjeti-koristenja","status":"publish","type":"page","link":"https:\/\/nord.cupup.hr\/hr\/uvjeti-koristenja\/","title":{"rendered":"Uvjeti kori\u0161tenja"},"content":{"rendered":"\n<h3 class=\"wp-block-heading\">Dobrodo\u0161li u CUP UP d.o.o. web stranicu.<\/h3>\n\n<p>Ako nastavite pregledavati i koristiti ovu web stranicu, suglasni ste da \u0107ete postupati u skladu sa sljede\u0107im uvjetima i odredbama. Zajedno s na\u0161om politikom privatnosti upravljaju CUP UPovim odnosom s vama na ovoj web stranici. Ako se ne sla\u017eete s bilo kojim dijelom ovih uvjeta i odredbi, nemojte koristiti web stranicu.<br\/><\/p>\n\n<p><strong>Kori\u0161tenje ove web stranice podlije\u017ee sljede\u0107im op\u0107im uvjetima kori\u0161tenja:<\/strong><\/p>\n\n<ul class=\"wp-block-list\">\n<li>Sadr\u017eaj stranica ove web stranice slu\u017ei samo za va\u0161e op\u0107e informacije i kori\u0161tenje. Podlo\u017eno je promjenama bez prethodne najave.<\/li>\n\n\n\n<li>Ova web stranica koristi kola\u010di\u0107e za pra\u0107enje postavki pregledavanja. Ako dopustite kori\u0161tenje kola\u010di\u0107a, osobne podatke mo\u017eemo pohraniti za kori\u0161tenje od strane tre\u0107ih strana. Pogledajte na\u0161u <a href=\"https:\/\/nord.cupup.hr\/hr\/politika-privatnosti\/\" data-type=\"page\" data-id=\"3\">Politiku privatnosti<\/a>.<\/li>\n\n\n\n<li>Kori\u0161tenje informacija na ovoj web stranici je besplatno sve dok ne kopirate, distribuirate ili na drugi na\u010din koristite ili zlouporabite ove informacije.<\/li>\n\n\n\n<li>Ova web stranica sadr\u017ei materijal koji je u na\u0161em vlasni\u0161tvu ili je licenciran za nas. Ovaj materijal uklju\u010duje, ali nije ograni\u010den na dizajn, raspored, izgled, izgled i grafiku. Reprodukcija je zabranjena osim pod obavijest o autorskim pravima, koja \u010dini dio ovih uvjeta i odredbi.<\/li>\n\n\n\n<li>Ne jam\u010dimo da \u0107e funkcije na ovom web-mjestu biti neprekinute ili bez gre\u0161aka ili da ovo web-mjesto ili poslu\u017eitelj koji ga \u010dini dostupnim nema virusa ili gre\u0161aka.<\/li>\n\n\n\n<li>Svi za\u0161titni znakovi reproducirani na ovoj web stranici, koji nisu vlasni\u0161tvo ili licenca operatera, priznati su na web stranici.<\/li>\n\n\n\n<li>Neovla\u0161teno kori\u0161tenje ove web stranice mo\u017ee dovesti do zahtjeva za naknadu \u0161tete i\/ili biti kazneno djelo.<\/li>\n\n\n\n<li>S vremena na vrijeme, ovo web mjesto tako\u0111er mo\u017ee sadr\u017eavati poveznice na druge web stranice. Ove veze su dane kako bi vam olak\u0161ale pru\u017eanje dodatnih informacija. Oni ne zna\u010de da podr\u017eavamo web stranicu(e) ili da snosimo odgovornost za sadr\u017eaj povezane web stranice(a).<\/li>\n<\/ul>\n","protected":false},"excerpt":{"rendered":"<p>Dobrodo\u0161li u CUP UP d.o.o. web stranicu. Ako nastavite pregledavati i koristiti ovu web stranicu, suglasni ste da \u0107ete postupati u skladu sa sljede\u0107im uvjetima i odredbama. Zajedno s na\u0161om politikom privatnosti upravljaju CUP UPovim odnosom s vama na ovoj web stranici. Ako se ne sla\u017eete s bilo kojim dijelom ovih uvjeta i odredbi, nemojte <\/p>\n","protected":false},"author":1,"featured_media":0,"parent":0,"menu_order":0,"comment_status":"closed","ping_status":"closed","template":"","meta":{"_acf_changed":false,"footnotes":""},"class_list":["post-1504","page","type-page","status-publish","hentry"],"acf":[],"_links":{"self":[{"href":"https:\/\/nord.cupup.hr\/hr\/wp-json\/wp\/v2\/pages\/1504","targetHints":{"allow":["GET"]}}],"collection":[{"href":"https:\/\/nord.cupup.hr\/hr\/wp-json\/wp\/v2\/pages"}],"about":[{"href":"https:\/\/nord.cupup.hr\/hr\/wp-json\/wp\/v2\/types\/page"}],"author":[{"embeddable":true,"href":"https:\/\/nord.cupup.hr\/hr\/wp-json\/wp\/v2\/users\/1"}],"replies":[{"embeddable":true,"href":"https:\/\/nord.cupup.hr\/hr\/wp-json\/wp\/v2\/comments?post=1504"}],"version-history":[{"count":1,"href":"https:\/\/nord.cupup.hr\/hr\/wp-json\/wp\/v2\/pages\/1504\/revisions"}],"predecessor-version":[{"id":1505,"href":"https:\/\/nord.cupup.hr\/hr\/wp-json\/wp\/v2\/pages\/1504\/revisions\/1505"}],"wp:attachment":[{"href":"https:\/\/nord.cupup.hr\/hr\/wp-json\/wp\/v2\/media?parent=1504"}],"curies":[{"name":"wp","href":"https:\/\/api.w.org\/{rel}","templated":true}]}}