{"id":1511,"date":"2024-03-25T09:09:19","date_gmt":"2024-03-25T09:09:19","guid":{"rendered":"https:\/\/cupup.mamp:8890\/certifikati\/"},"modified":"2025-02-18T10:52:45","modified_gmt":"2025-02-18T10:52:45","slug":"certifikati","status":"publish","type":"page","link":"https:\/\/nord.cupup.hr\/hr\/certifikati\/","title":{"rendered":"Certifikati"},"content":{"rendered":"<div class=\"wp-bootstrap-blocks-row row gy-4\">\n\t\n\n<div class=\"col-5 col-md-3\">\n\t\t\t<div class=\"p-2\">\n\t\t\t\n\n<figure class=\"wp-block-image size-full\"><a href=\"https:\/\/nord.cupup.hr\/wp-content\/uploads\/2025\/02\/ISO_9001_hrv.2024.pdf\"><img decoding=\"async\" src=\"https:\/\/nord.cupup.hr\/wp-content\/uploads\/2024\/05\/cup-up-iso-9001-2021-hr.jpg\" alt=\"\" class=\"wp-image-947\"\/><\/a><\/figure>\n\n\t\t<\/div>\n\t<\/div>\n\n\n\n<div class=\"col-7 col-md-6\">\n\t\t\t<div class=\"p-2\">\n\t\t\t\n\n<h4 class=\"wp-block-heading\">ISO 9001:2015<\/h4>\n\n\n\n<p>ISO 9001 je me\u0111unarodna norma koja specificira zahtjeve za sustav upravljanja kvalitetom (QMS). Prema ISO 9001:215 CUP UP je pokazao sposobnost dosljednog pru\u017eanja proizvoda i usluga koji zadovoljavaju zadovoljstvo kupaca i regulatorne zahtjeve.<\/p>\n\n\t\t<\/div>\n\t<\/div>\n\n<\/div>\n\n\n<div class=\"wp-bootstrap-blocks-row row gy-4\">\n\t\n\n<div class=\"col-5 col-md-3\">\n\t\t\t<div class=\"p-2\">\n\t\t\t\n\n<figure class=\"wp-block-image size-full\"><a href=\"https:\/\/nord.cupup.hr\/wp-content\/uploads\/2024\/05\/cup-up-iso-14001-2023-hr.pdf\"><img decoding=\"async\" src=\"https:\/\/nord.cupup.hr\/wp-content\/uploads\/2024\/05\/cup-up-iso-14001-2023-hr.jpg\" alt=\"\" class=\"wp-image-946\"\/><\/a><\/figure>\n\n\t\t<\/div>\n\t<\/div>\n\n\n\n<div class=\"col-7 col-md-6\">\n\t\t\t<div class=\"p-2\">\n\t\t\t\n\n<h4 class=\"wp-block-heading\">ISO 14001<\/h4>\n\n\n\n<p>CUP UP je implementirao sustav upravljanja okoli\u0161em na na\u0161oj lokaciji proizvodnje i distribucije. Predani smo stalnom pobolj\u0161anju na\u0161eg ekolo\u0161kog u\u010dinka i odr\u017eivoj budu\u0107nosti za sve aspekte na\u0161eg poslovanja.<\/p>\n\n\t\t<\/div>\n\t<\/div>\n\n<\/div>\n\n\n<div class=\"wp-bootstrap-blocks-row row gy-4\">\n\t\n\n<div class=\"col-5 col-md-3\">\n\t\t\t<div class=\"p-2\">\n\t\t\t\n\n<figure class=\"wp-block-image size-full\"><a href=\"https:\/\/nord.cupup.hr\/wp-content\/uploads\/2025\/02\/EU_Ecolabel_hrv.pdf\"><img decoding=\"async\" src=\"https:\/\/nord.cupup.hr\/wp-content\/uploads\/2024\/05\/cup-up-eu-ecolabel-certifikat-hr.jpg\" alt=\"\" class=\"wp-image-928\"\/><\/a><\/figure>\n\n\t\t<\/div>\n\t<\/div>\n\n\n\n<div class=\"col-7 col-md-6\">\n\t\t\t<div class=\"p-2\">\n\t\t\t\n\n<h4 class=\"wp-block-heading\">EU Ecolabel<\/h4>\n\n\n\n<p>dodjeljuje se proizvodima koji zadovoljavaju visoke ekolo\u0161ke standarde tijekom svog \u017eivotnog ciklusa od sirovine do proizvodnje, distribucije i odlaganja.<\/p>\n\n\t\t<\/div>\n\t<\/div>\n\n<\/div>\n\n\n<div class=\"wp-bootstrap-blocks-row row gy-4\">\n\t\n\n<div class=\"col-5 col-md-3\">\n\t\t\t<div class=\"p-2\">\n\t\t\t\n\n<figure class=\"wp-block-image size-full\"><a href=\"https:\/\/nord.cupup.hr\/wp-content\/uploads\/2024\/05\/cup-up-fsa-certifikat-hr.pdf\"><img decoding=\"async\" src=\"https:\/\/nord.cupup.hr\/wp-content\/uploads\/2024\/05\/cup-up-fsa-certifikat-hr.jpg\" alt=\"\" class=\"wp-image-938\"\/><\/a><\/figure>\n\n\t\t<\/div>\n\t<\/div>\n\n\n\n<div class=\"col-7 col-md-6\">\n\t\t\t<div class=\"p-2\">\n\t\t\t\n\n<h4 class=\"wp-block-heading\">FSC<sup>\u00ae<\/sup><\/h4>\n\n\n\n<p>Proizvodi koji nose simbol Forest Stewardship Council\u00ae neovisno su certificirani kako bi se osiguralo da su izra\u0111eni od ili sadr\u017ee drvo iz FSC\u00ae, certificiranih \u0161uma.<\/p>\n\n\n\n<p>(FSC \u2013 C178670)<\/p>\n\n\t\t<\/div>\n\t<\/div>\n\n<\/div>\n\n\n\n<div id=\"linkswrapper-block_9ab2d12edac8b0176599805768759e9a\" class=\"linkswrapper wrapper my-4\" >\n    \n    <div class=\"container\">\n    \n    <div class=\"linkswrapper row row-cols-1 row-cols-md-3 g-3 \">\n\n\n<div class=\"linkcard col\">\n    \n    <div class=\"card h-100 border-0  py-4 px-2\">\n\n<div class=\"wp-block-group card-body\"><div class=\"wp-block-group__inner-container is-layout-flow wp-block-group-is-layout-flow\">\n<figure class=\"wp-block-image size-large\"><img loading=\"lazy\" decoding=\"async\" width=\"1024\" height=\"301\" src=\"https:\/\/nord.cupup.hr\/wp-content\/uploads\/2024\/03\/hr-financira-europska-unija-1024x301.jpg\" alt=\"\" class=\"wp-image-649\" srcset=\"https:\/\/nord.cupup.hr\/wp-content\/uploads\/2024\/03\/hr-financira-europska-unija-1024x301.jpg 1024w, https:\/\/nord.cupup.hr\/wp-content\/uploads\/2024\/03\/hr-financira-europska-unija-300x88.jpg 300w, https:\/\/nord.cupup.hr\/wp-content\/uploads\/2024\/03\/hr-financira-europska-unija-768x226.jpg 768w, https:\/\/nord.cupup.hr\/wp-content\/uploads\/2024\/03\/hr-financira-europska-unija-1536x452.jpg 1536w, https:\/\/nord.cupup.hr\/wp-content\/uploads\/2024\/03\/hr-financira-europska-unija-2048x603.jpg 2048w\" sizes=\"auto, (max-width: 1024px) 100vw, 1024px\" \/><\/figure><\/div><\/div>\n\n\n\n<div class=\"wp-block-button card-footer text-center bg-transparent border-0 is-style-outline is-style-outline--1\"><a class=\"wp-block-button__link wp-element-button\" href=\"https:\/\/nord.cupup.hr\/hr\/nextgeneration-eu\/\">saznajte vi\u0161e<\/a><\/div>\n\n<\/div><!-- \/.col display wordpress blocks -->\n                \n     \n\n<\/div>\n\n\n\n\n<div class=\"linkcard col\">\n    \n    <div class=\"card h-100 border-0  py-4 px-2\">\n\n<div class=\"wp-block-group card-body\"><div class=\"wp-block-group__inner-container is-layout-flow wp-block-group-is-layout-flow\">\n<h5 class=\"wp-block-heading card-title\">Odr\u017eivost<\/h5>\n\n\n\n<p>Saznajte kako ula\u017eemo da bi na\u0161i proizvodi bili ekolo\u0161ki prihvatljivi<\/p>\n<\/div><\/div>\n\n\n\n<div class=\"wp-block-button card-footer text-center bg-transparent border-0 is-style-outline is-style-outline--2\"><a class=\"wp-block-button__link wp-element-button\" href=\"https:\/\/nord.cupup.hr\/hr\/odrzivost\/\">saznajte vi\u0161e<\/a><\/div>\n\n<\/div><!-- \/.col display wordpress blocks -->\n                \n     \n\n<\/div>\n\n\n\n\n<div class=\"linkcard col\">\n    \n    <div class=\"card h-100 border-0  py-4 px-2\">\n\n<div class=\"wp-block-group card-body\"><div class=\"wp-block-group__inner-container is-layout-flow wp-block-group-is-layout-flow\">\n<h5 class=\"wp-block-heading card-title\">Javite nam se<\/h5>\n\n\n\n<p>Kontaktirajte nas u vezi va\u0161ih potreba<\/p>\n<\/div><\/div>\n\n\n\n<div class=\"wp-block-button card-footer text-center bg-transparent border-0\"><a class=\"wp-block-button__link wp-element-button\" href=\"https:\/\/nord.cupup.hr\/hr\/kontakt\/\">Kontaktirajte nas<\/a><\/div>\n\n<\/div><!-- \/.col display wordpress blocks -->\n                \n     \n\n<\/div>\n\n<\/div><!-- \/.col display wordpress blocks -->\n                \n                   \n<\/div><!-- #linkswrapper block -->\n\n\n\n<\/div>\n","protected":false},"excerpt":{"rendered":"","protected":false},"author":1,"featured_media":0,"parent":0,"menu_order":0,"comment_status":"closed","ping_status":"closed","template":"","meta":{"_acf_changed":false,"footnotes":""},"class_list":["post-1511","page","type-page","status-publish","hentry"],"acf":[],"_links":{"self":[{"href":"https:\/\/nord.cupup.hr\/hr\/wp-json\/wp\/v2\/pages\/1511","targetHints":{"allow":["GET"]}}],"collection":[{"href":"https:\/\/nord.cupup.hr\/hr\/wp-json\/wp\/v2\/pages"}],"about":[{"href":"https:\/\/nord.cupup.hr\/hr\/wp-json\/wp\/v2\/types\/page"}],"author":[{"embeddable":true,"href":"https:\/\/nord.cupup.hr\/hr\/wp-json\/wp\/v2\/users\/1"}],"replies":[{"embeddable":true,"href":"https:\/\/nord.cupup.hr\/hr\/wp-json\/wp\/v2\/comments?post=1511"}],"version-history":[{"count":13,"href":"https:\/\/nord.cupup.hr\/hr\/wp-json\/wp\/v2\/pages\/1511\/revisions"}],"predecessor-version":[{"id":1705,"href":"https:\/\/nord.cupup.hr\/hr\/wp-json\/wp\/v2\/pages\/1511\/revisions\/1705"}],"wp:attachment":[{"href":"https:\/\/nord.cupup.hr\/hr\/wp-json\/wp\/v2\/media?parent=1511"}],"curies":[{"name":"wp","href":"https:\/\/api.w.org\/{rel}","templated":true}]}}